{"id":5060,"date":"2022-05-03T02:09:46","date_gmt":"2022-05-03T02:09:46","guid":{"rendered":"https:\/\/axatool.com\/product\/uncategorized\/hr-200-air-hydraulic-riveter\/"},"modified":"2022-06-01T05:01:55","modified_gmt":"2022-06-01T05:01:55","slug":"hr-200-air-hydraulic-riveter","status":"publish","type":"product","link":"https:\/\/axatool.com\/es\/producto\/hr-200-air-hydraulic-riveter\/","title":{"rendered":"Remachadora hidr\u00e1ulica de aire HR-200 3\/16\u2033"},"content":{"rendered":"<p>Esta poderosa remachadora hidr\u00e1ulica de aire es lo suficientemente r\u00e1pida y robusta para el trabajo de producci\u00f3n. Las boquillas de la remachadora de aire est\u00e1n construidas de acero cromado para una m\u00e1xima durabilidad. Las caracter\u00edsticas incluyen una tapa de seguridad para recoger los pasadores de remache gastados y una v\u00e1lvula de alivio de aire para evitar la sobrecarga.<\/p>\n<h3>\u2699\ufe0f <strong> Especificaci\u00f3n<\/strong><\/h3>\n<table id=\"tabs-nav\" class=\"xl756500\" style=\"height: 544px; width: 80.6799%; border-style: double; background-color: #fea500; border-color: #ffffff;\" border=\"10\" width=\"517\" rules=\"cols\" cellspacing=\"2\" cellpadding=\"5\" bgcolor=\"#FEA500\">\n<tbody>\n<tr style=\"height: 46px;\" valign=\"middle\">\n<td class=\"xl75\" style=\"border-color: #ffffff;\" width=\"177\">\n<div align=\"left\"><span style=\"color: #000000;\"><strong>Capacidad de remache <\/strong><\/span><\/div>\n<\/td>\n<td class=\"xl72\" style=\"border-color: #ffffff;\" width=\"359\"><span style=\"color: #000000;\">2.4 ~ 4.8 mm (Steel) \/ 3\/32&#8243; ~ 3\/16&#8243;<\/span><\/td>\n<\/tr>\n<tr style=\"height: 46px;\" valign=\"middle\">\n<td class=\"xl75\" style=\"border-color: #ffffff;\">\n<div align=\"left\"><span style=\"color: #000000;\"><strong>Potencia de tracci\u00f3n <\/strong><\/span><\/div>\n<\/td>\n<td class=\"xl72\" style=\"border-color: #ffffff;\"><span style=\"color: #000000;\">1,219 Kgs (2,680 lbs)<\/span><\/td>\n<\/tr>\n<tr style=\"height: 46px;\" valign=\"middle\">\n<td class=\"xl75\" style=\"border-color: #ffffff;\">\n<div align=\"left\"><span style=\"color: #000000;\"><strong>Longitud de la carrera <\/strong><\/span><\/div>\n<\/td>\n<td class=\"xl72\" style=\"border-color: #ffffff;\"><span style=\"color: #000000;\">14 mm<\/span><\/td>\n<\/tr>\n<tr style=\"height: 45px;\" valign=\"middle\">\n<td class=\"xl75\" style=\"border-color: #ffffff;\">\n<div align=\"left\"><span style=\"color: #000000;\"><strong>Nose Pieces <\/strong><\/span><\/div>\n<\/td>\n<td class=\"xl72\" style=\"border-color: #ffffff;\"><span style=\"color: #000000;\">2.4, 3.2, 4.0, 4.8 mm<\/span><\/td>\n<\/tr>\n<tr style=\"height: 46px;\" valign=\"middle\">\n<td class=\"xl75\" style=\"border-color: #ffffff;\">\n<div align=\"left\"><span style=\"color: #000000;\"><strong>Promedio Contras de aire <\/strong><\/span><\/div>\n<\/td>\n<td class=\"xl72\" style=\"border-color: #ffffff;\"><span style=\"color: #000000;\">3.5 CFM (123 l\/min)<\/span><\/td>\n<\/tr>\n<tr style=\"height: 46px;\" valign=\"middle\">\n<td class=\"xl75\" style=\"border-color: #ffffff;\">\n<div align=\"left\"><span style=\"color: #000000;\"><strong>Presi\u00f3n del aire <\/strong><\/span><\/div>\n<\/td>\n<td class=\"xl71\" style=\"border-color: #ffffff;\"><span style=\"color: #000000;\">60 ~ 100 PSI<\/span><\/td>\n<\/tr>\n<tr style=\"height: 46px;\" valign=\"middle\">\n<td class=\"xl75\" style=\"border-color: #ffffff;\">\n<div align=\"left\"><span style=\"color: #000000;\"><strong>Peso neto <\/strong><\/span><\/div>\n<\/td>\n<td class=\"xl72\" style=\"border-color: #ffffff;\"><span style=\"color: #000000;\">1.5 Kgs (3.3 lbs)<\/span><\/td>\n<\/tr>\n<tr style=\"height: 46px;\" valign=\"middle\">\n<td class=\"xl75\" style=\"border-color: #ffffff;\">\n<div align=\"left\"><span style=\"color: #000000;\"><strong>Longitud total <\/strong><\/span><\/div>\n<\/td>\n<td class=\"xl72\" style=\"border-color: #ffffff;\"><span style=\"color: #000000;\">L265 \u00d7 H275 \u00d7 D93 mm<\/span><\/td>\n<\/tr>\n<tr style=\"height: 46px;\" valign=\"middle\">\n<td class=\"xl75\" style=\"border-color: #ffffff;\">\n<div align=\"left\"><span style=\"color: #000000;\"><strong>Entrada de aire <\/strong><\/span><\/div>\n<\/td>\n<td class=\"xl72\" style=\"border-color: #ffffff;\"><span style=\"color: #000000;\">1\/4&#8243;<\/span><\/td>\n<\/tr>\n<tr style=\"height: 46px;\" valign=\"middle\">\n<td class=\"xl75\" style=\"border-color: #ffffff;\">\n<div align=\"left\"><span style=\"color: #000000;\"><strong>Identificaci\u00f3n de la manguera de aire <\/strong><\/span><\/div>\n<\/td>\n<td class=\"xl73\" style=\"border-color: #ffffff;\"><span style=\"color: #000000;\">3\/8\u2033 (10mm)<\/span><\/td>\n<\/tr>\n<tr style=\"height: 46px;\" valign=\"middle\">\n<td class=\"xl76\" style=\"border-color: #ffffff;\">\n<div align=\"left\"><span style=\"color: #000000;\"><strong>Embalaje <\/strong><\/span><\/div>\n<\/td>\n<td class=\"xl74\" style=\"border-color: #ffffff;\"><span style=\"color: #000000;\">10pcs\/ctn\/1.85cu-ft\/GW:19kg<\/span><\/td>\n<\/tr>\n<tr style=\"height: 46px;\" valign=\"middle\">\n<td class=\"xl75\" style=\"border-color: #ffffff;\">\n<div align=\"left\"><span style=\"color: #000000;\"><strong>Acceptable rivet material <\/strong><\/span><\/div>\n<\/td>\n<td class=\"xl70\" style=\"border-color: #ffffff;\"><span style=\"color: #000000;\">aluminum\/steel\/stainless<\/span><\/td>\n<\/tr>\n<\/tbody>\n<\/table>","protected":false},"excerpt":{"rendered":"<p>Nuestra empresa es un conocido fabricante de remachadoras hidr\u00e1ulicas de aire de primera calidad en Taiw\u00e1n.<br \/>\nNos hemos dedicado a servir a los clientes con nuestra durabilidad, precio justo y gran eficiencia de la remachadora hidr\u00e1ulica de aire.<br \/>\nNo dude en contactarnos si est\u00e1 buscando una remachadora hidr\u00e1ulica de aire con un dise\u00f1o \u00fanico y elegante.<\/p>","protected":false},"featured_media":4699,"template":"","meta":{"qubely_global_settings":"","qubely_interactions":"","site-sidebar-layout":"default","site-content-layout":"default","ast-global-header-display":"","ast-main-header-display":"","ast-hfb-above-header-display":"","ast-hfb-below-header-display":"","ast-hfb-mobile-header-display":"","site-post-title":"","ast-breadcrumbs-content":"","ast-featured-img":"","footer-sml-layout":"","theme-transparent-header-meta":"","adv-header-id-meta":"","stick-header-meta":"","header-above-stick-meta":"","header-main-stick-meta":"","header-below-stick-meta":""},"product_brand":[],"product_cat":[76],"product_tag":[],"class_list":{"0":"post-5060","1":"product","2":"type-product","3":"status-publish","4":"has-post-thumbnail","6":"product_cat-air-hydraulic-riveter","7":"desktop-align-center","8":"tablet-align-center","9":"mobile-align-center","10":"ast-product-gallery-layout-horizontal-slider","11":"ast-product-tabs-layout-horizontal","12":"ast-qv-on-image","14":"first","15":"instock","16":"shipping-taxable","17":"purchasable","18":"product-type-simple"},"uagb_featured_image_src":{"full":["https:\/\/axatool.com\/wp-content\/uploads\/2022\/04\/HR-200-1Air-Hydraulic-Riveter-1000x1000.jpg",1000,1000,false],"thumbnail":["https:\/\/axatool.com\/wp-content\/uploads\/2022\/04\/HR-200-1Air-Hydraulic-Riveter-150x150.jpg",150,150,true],"medium":["https:\/\/axatool.com\/wp-content\/uploads\/2022\/04\/HR-200-1Air-Hydraulic-Riveter-300x300.jpg",300,300,true],"medium_large":["https:\/\/axatool.com\/wp-content\/uploads\/2022\/04\/HR-200-1Air-Hydraulic-Riveter-768x768.jpg",768,768,true],"large":["https:\/\/axatool.com\/wp-content\/uploads\/2022\/04\/HR-200-1Air-Hydraulic-Riveter-1000x1000.jpg",1000,1000,false],"1536x1536":["https:\/\/axatool.com\/wp-content\/uploads\/2022\/04\/HR-200-1Air-Hydraulic-Riveter-1000x1000.jpg",1000,1000,false],"2048x2048":["https:\/\/axatool.com\/wp-content\/uploads\/2022\/04\/HR-200-1Air-Hydraulic-Riveter-1000x1000.jpg",1000,1000,false],"trp-custom-language-flag":["https:\/\/axatool.com\/wp-content\/uploads\/2022\/04\/HR-200-1Air-Hydraulic-Riveter-12x12.jpg",12,12,true],"qubely_landscape":["https:\/\/axatool.com\/wp-content\/uploads\/2022\/04\/HR-200-1Air-Hydraulic-Riveter-1000x750.jpg",1000,750,true],"qubely_portrait":["https:\/\/axatool.com\/wp-content\/uploads\/2022\/04\/HR-200-1Air-Hydraulic-Riveter-540x320.jpg",540,320,true],"qubely_thumbnail":["https:\/\/axatool.com\/wp-content\/uploads\/2022\/04\/HR-200-1Air-Hydraulic-Riveter-140x100.jpg",140,100,true],"woocommerce_thumbnail":["https:\/\/axatool.com\/wp-content\/uploads\/2022\/04\/HR-200-1Air-Hydraulic-Riveter-300x300.jpg",300,300,true],"woocommerce_single":["https:\/\/axatool.com\/wp-content\/uploads\/2022\/04\/HR-200-1Air-Hydraulic-Riveter-600x600.jpg",600,600,true],"woocommerce_gallery_thumbnail":["https:\/\/axatool.com\/wp-content\/uploads\/2022\/04\/HR-200-1Air-Hydraulic-Riveter-100x100.jpg",100,100,true]},"uagb_author_info":{"display_name":"editor.axatool","author_link":"https:\/\/axatool.com\/es\/author\/"},"uagb_comment_info":0,"uagb_excerpt":"Our Company Is A Well-Known Manufacturer Of Premium Grade Air Hydraulic Riveter In Taiwan. we Have Devoted Ourselves To Serve The Clients With Our Durability, Fair Price And Strong Efficiency Of Air Hydraulic Riveter. please Feel Free To Contact Us If You Are Searching For Air Hydraulic Riveter With Unique And Stylish Design.","_links":{"self":[{"href":"https:\/\/axatool.com\/es\/wp-json\/wp\/v2\/product\/5060","targetHints":{"allow":["GET"]}}],"collection":[{"href":"https:\/\/axatool.com\/es\/wp-json\/wp\/v2\/product"}],"about":[{"href":"https:\/\/axatool.com\/es\/wp-json\/wp\/v2\/types\/product"}],"version-history":[{"count":2,"href":"https:\/\/axatool.com\/es\/wp-json\/wp\/v2\/product\/5060\/revisions"}],"predecessor-version":[{"id":5191,"href":"https:\/\/axatool.com\/es\/wp-json\/wp\/v2\/product\/5060\/revisions\/5191"}],"wp:featuredmedia":[{"embeddable":true,"href":"https:\/\/axatool.com\/es\/wp-json\/wp\/v2\/media\/4699"}],"wp:attachment":[{"href":"https:\/\/axatool.com\/es\/wp-json\/wp\/v2\/media?parent=5060"}],"wp:term":[{"taxonomy":"product_brand","embeddable":true,"href":"https:\/\/axatool.com\/es\/wp-json\/wp\/v2\/product_brand?post=5060"},{"taxonomy":"product_cat","embeddable":true,"href":"https:\/\/axatool.com\/es\/wp-json\/wp\/v2\/product_cat?post=5060"},{"taxonomy":"product_tag","embeddable":true,"href":"https:\/\/axatool.com\/es\/wp-json\/wp\/v2\/product_tag?post=5060"}],"curies":[{"name":"wp","href":"https:\/\/api.w.org\/{rel}","templated":true}]}}