{"id":4645,"date":"2022-04-26T07:40:41","date_gmt":"2022-04-26T07:40:41","guid":{"rendered":"https:\/\/axatool.com\/product\/uncategorized\/wct-215-wet-air-cutting-saw\/"},"modified":"2022-07-11T08:51:02","modified_gmt":"2022-07-11T08:51:02","slug":"wct-215-wet-air-cutting-saw","status":"publish","type":"product","link":"https:\/\/axatool.com\/es\/producto\/wct-215-wet-air-cutting-saw\/","title":{"rendered":"Sierra de corte de aire h\u00famedo WCT-215"},"content":{"rendered":"<ul>\n<li>Lock pin level trigger.<\/li>\n<li>Light weight and comfortable handle grip.<\/li>\n<li>Prevents electric shock hazard.<\/li>\n<li>Low vibration and noise with excellent performance.<\/li>\n<li>Center water feeding system to reduce dust and improve environmental protection.<\/li>\n<li>The auxiliary handle can be mounted for either left-handed or right-handed user.<\/li>\n<li>Water valve switch design for easy control of water flow speed.<\/li>\n<\/ul>\n<h3>\u2699\ufe0f <strong> Especificaci\u00f3n<\/strong><\/h3>\n<table id=\"tabs-nav\" class=\"xl756500\" style=\"height: auto; width: 80.6799%; border-style: double; background-color: #fea500; border-color: #ffffff;\" border=\"10\" width=\"517\" rules=\"cols\" cellspacing=\"2\" cellpadding=\"5\" bgcolor=\"#FEA500\">\n<tbody>\n<tr style=\"height: 46px;\" valign=\"middle\">\n<th class=\"xl72\" style=\"border-color: #ffffff;\" nowrap=\"nowrap\" width=\"30%\">\n<div align=\"left\"><span style=\"color: #000000;\"><strong>Wheel Capacity <\/strong><\/span><\/div>\n<\/th>\n<td class=\"xl70\" style=\"border-color: #ffffff;\" width=\"284\"><span style=\"color: #000000;\">5&#8243; (125 mm)<\/span><\/td>\n<\/tr>\n<tr style=\"height: 46px;\" valign=\"middle\">\n<th class=\"xl72\" style=\"border-color: #ffffff;\" nowrap=\"nowrap\" width=\"30%\">\n<div align=\"left\"><span style=\"color: #000000;\"><strong>Spindle Size <\/strong><\/span><\/div>\n<\/th>\n<td class=\"xl70\" style=\"border-color: #ffffff;\"><span style=\"color: #000000;\">M14 or 5\/8&#8243; x 11T<\/span><\/td>\n<\/tr>\n<tr style=\"height: 46px;\" valign=\"middle\">\n<th class=\"xl72\" style=\"border-color: #ffffff;\" nowrap=\"nowrap\" width=\"30%\">\n<div align=\"left\"><span style=\"color: #000000;\"><strong>Velocidad libre <\/strong><\/span><\/div>\n<\/th>\n<td class=\"xl70\" style=\"border-color: #ffffff;\"><span style=\"color: #000000;\">11,000 RPM<\/span><\/td>\n<\/tr>\n<tr style=\"height: 46px;\" valign=\"middle\">\n<th class=\"xl72\" style=\"border-color: #ffffff;\" nowrap=\"nowrap\" width=\"30%\">\n<div align=\"left\"><span style=\"color: #000000;\"><strong>Promedio Contras de aire <\/strong><\/span><\/div>\n<\/th>\n<td class=\"xl71\" style=\"border-color: #ffffff;\"><span style=\"color: #000000;\">16.2 SCFM (235 l\/min)<\/span><\/td>\n<\/tr>\n<tr style=\"height: 45px;\" valign=\"middle\">\n<th class=\"xl72\" style=\"border-color: #ffffff;\" nowrap=\"nowrap\" width=\"30%\">\n<div align=\"left\"><span style=\"color: #000000;\"><strong>Presi\u00f3n del aire <\/strong><\/span><\/div>\n<\/th>\n<td class=\"xl71\" style=\"border-color: #ffffff;\"><span style=\"color: #000000;\">90 PSI (6,2 bares)<\/span><\/td>\n<\/tr>\n<tr style=\"height: 46px;\" valign=\"middle\">\n<th class=\"xl72\" style=\"border-color: #ffffff;\" nowrap=\"nowrap\" width=\"30%\">\n<div align=\"left\"><span style=\"color: #000000;\"><strong>Peso neto <\/strong><\/span><\/div>\n<\/th>\n<td class=\"xl70\" style=\"border-color: #ffffff;\"><span style=\"color: #000000;\">2.22 Kgs (4.89 lbs)<\/span><\/td>\n<\/tr>\n<tr style=\"height: 46px;\" valign=\"middle\">\n<th class=\"xl72\" style=\"border-color: #ffffff;\" nowrap=\"nowrap\" width=\"30%\">\n<div align=\"left\"><span style=\"color: #000000;\"><strong>Longitud total <\/strong><\/span><\/div>\n<\/th>\n<td class=\"xl70\" style=\"border-color: #ffffff;\"><span style=\"color: #000000;\">380 mm (14.96&#8243;)<\/span><\/td>\n<\/tr>\n<tr style=\"height: 46px;\" valign=\"middle\">\n<th class=\"xl72\" style=\"border-color: #ffffff;\" nowrap=\"nowrap\" width=\"30%\">\n<div align=\"left\"><span style=\"color: #000000;\"><strong>Entrada de aire <\/strong><\/span><\/div>\n<\/th>\n<td class=\"xl70\" style=\"border-color: #ffffff;\"><span style=\"color: #000000;\">1\/4&#8243;<\/span><\/td>\n<\/tr>\n<tr style=\"height: 46px;\" valign=\"middle\">\n<th class=\"xl72\" style=\"border-color: #ffffff;\" nowrap=\"nowrap\" width=\"30%\">\n<div align=\"left\"><span style=\"color: #000000;\"><strong>Presi\u00f3n de sonido<\/strong><\/span><\/div>\n<\/th>\n<td class=\"xl70\" style=\"border-color: #ffffff;\"><span style=\"color: #000000;\">92dB(A)<\/span><\/td>\n<\/tr>\n<tr style=\"height: 46px;\" valign=\"middle\">\n<th class=\"xl72\" style=\"border-color: #ffffff;\" nowrap=\"nowrap\" width=\"30%\">\n<div align=\"left\"><span style=\"color: #000000;\"><strong>Nivel de vibraci\u00f3n<\/strong><\/span><\/div>\n<\/th>\n<td class=\"xl70\" style=\"border-color: #ffffff;\"><span style=\"color: #000000;\">2,5 m\/s\u00b2<\/span><\/td>\n<\/tr>\n<tr style=\"height: 46px;\" valign=\"middle\">\n<th class=\"xl72\" style=\"border-color: #ffffff;\" nowrap=\"nowrap\" width=\"30%\">\n<div align=\"left\"><span style=\"color: #000000;\"><strong><strong>Embalaje<\/strong><\/strong><\/span><\/div>\n<\/th>\n<td class=\"xl70\" style=\"border-color: #ffffff;\"><span style=\"color: #000000;\">6pcs\/ctn\/1.5cu-ft\/GW:17kg<\/span><\/td>\n<\/tr>\n<\/tbody>\n<\/table>","protected":false},"excerpt":{"rendered":"<p>Nuestra empresa se especializa en la fabricaci\u00f3n, suministro y exportaci\u00f3n de martillos neum\u00e1ticos para piedra, granito, tallado\/grabado de m\u00e1rmol (martillos neum\u00e1ticos para piedra, granito, grabado de m\u00e1rmol), con una f\u00e1brica establecida en 1994 en Taiw\u00e1n, todas nuestras herramientas neum\u00e1ticas para la industria de la piedra son 100% Hecho en Taiw\u00e1n.<\/p>","protected":false},"featured_media":4630,"template":"","meta":{"qubely_global_settings":"","qubely_interactions":"","site-sidebar-layout":"default","site-content-layout":"default","ast-global-header-display":"","ast-main-header-display":"","ast-hfb-above-header-display":"","ast-hfb-below-header-display":"","ast-hfb-mobile-header-display":"","site-post-title":"","ast-breadcrumbs-content":"","ast-featured-img":"","footer-sml-layout":"","theme-transparent-header-meta":"","adv-header-id-meta":"","stick-header-meta":"","header-above-stick-meta":"","header-main-stick-meta":"","header-below-stick-meta":""},"product_brand":[],"product_cat":[92,68],"product_tag":[],"class_list":{"0":"post-4645","1":"product","2":"type-product","3":"status-publish","4":"has-post-thumbnail","6":"product_cat-wet-air-cutting-saw","7":"product_cat-wet-air-tools-for-stone-granite","8":"desktop-align-center","9":"tablet-align-center","10":"mobile-align-center","11":"ast-product-gallery-layout-horizontal-slider","12":"ast-product-tabs-layout-horizontal","13":"ast-qv-on-image","15":"first","16":"instock","17":"shipping-taxable","18":"purchasable","19":"product-type-simple"},"uagb_featured_image_src":{"full":["https:\/\/axatool.com\/wp-content\/uploads\/2022\/04\/WCT-215-1Wet-Air-Cutting-Saw-1000x1000.jpg",1000,1000,false],"thumbnail":["https:\/\/axatool.com\/wp-content\/uploads\/2022\/04\/WCT-215-1Wet-Air-Cutting-Saw-150x150.jpg",150,150,true],"medium":["https:\/\/axatool.com\/wp-content\/uploads\/2022\/04\/WCT-215-1Wet-Air-Cutting-Saw-300x300.jpg",300,300,true],"medium_large":["https:\/\/axatool.com\/wp-content\/uploads\/2022\/04\/WCT-215-1Wet-Air-Cutting-Saw-768x768.jpg",768,768,true],"large":["https:\/\/axatool.com\/wp-content\/uploads\/2022\/04\/WCT-215-1Wet-Air-Cutting-Saw-1000x1000.jpg",1000,1000,false],"1536x1536":["https:\/\/axatool.com\/wp-content\/uploads\/2022\/04\/WCT-215-1Wet-Air-Cutting-Saw-1000x1000.jpg",1000,1000,false],"2048x2048":["https:\/\/axatool.com\/wp-content\/uploads\/2022\/04\/WCT-215-1Wet-Air-Cutting-Saw-1000x1000.jpg",1000,1000,false],"trp-custom-language-flag":["https:\/\/axatool.com\/wp-content\/uploads\/2022\/04\/WCT-215-1Wet-Air-Cutting-Saw-12x12.jpg",12,12,true],"qubely_landscape":["https:\/\/axatool.com\/wp-content\/uploads\/2022\/04\/WCT-215-1Wet-Air-Cutting-Saw-1000x750.jpg",1000,750,true],"qubely_portrait":["https:\/\/axatool.com\/wp-content\/uploads\/2022\/04\/WCT-215-1Wet-Air-Cutting-Saw-540x320.jpg",540,320,true],"qubely_thumbnail":["https:\/\/axatool.com\/wp-content\/uploads\/2022\/04\/WCT-215-1Wet-Air-Cutting-Saw-140x100.jpg",140,100,true],"woocommerce_thumbnail":["https:\/\/axatool.com\/wp-content\/uploads\/2022\/04\/WCT-215-1Wet-Air-Cutting-Saw-300x300.jpg",300,300,true],"woocommerce_single":["https:\/\/axatool.com\/wp-content\/uploads\/2022\/04\/WCT-215-1Wet-Air-Cutting-Saw-600x600.jpg",600,600,true],"woocommerce_gallery_thumbnail":["https:\/\/axatool.com\/wp-content\/uploads\/2022\/04\/WCT-215-1Wet-Air-Cutting-Saw-100x100.jpg",100,100,true]},"uagb_author_info":{"display_name":"editor.axatool","author_link":"https:\/\/axatool.com\/es\/author\/"},"uagb_comment_info":0,"uagb_excerpt":"Our company specializes in manufacturing, supplying and exporting Air hammers for Stone, Granite, Marble carving \/ engraving (pneumatic Hammers for Stone,Granite,Marble Engraving), with a factory established in 1994 in Taiwan, all our Air Tools for stone industry are 100% made in TAIWAN.","_links":{"self":[{"href":"https:\/\/axatool.com\/es\/wp-json\/wp\/v2\/product\/4645","targetHints":{"allow":["GET"]}}],"collection":[{"href":"https:\/\/axatool.com\/es\/wp-json\/wp\/v2\/product"}],"about":[{"href":"https:\/\/axatool.com\/es\/wp-json\/wp\/v2\/types\/product"}],"version-history":[{"count":5,"href":"https:\/\/axatool.com\/es\/wp-json\/wp\/v2\/product\/4645\/revisions"}],"predecessor-version":[{"id":4670,"href":"https:\/\/axatool.com\/es\/wp-json\/wp\/v2\/product\/4645\/revisions\/4670"}],"wp:featuredmedia":[{"embeddable":true,"href":"https:\/\/axatool.com\/es\/wp-json\/wp\/v2\/media\/4630"}],"wp:attachment":[{"href":"https:\/\/axatool.com\/es\/wp-json\/wp\/v2\/media?parent=4645"}],"wp:term":[{"taxonomy":"product_brand","embeddable":true,"href":"https:\/\/axatool.com\/es\/wp-json\/wp\/v2\/product_brand?post=4645"},{"taxonomy":"product_cat","embeddable":true,"href":"https:\/\/axatool.com\/es\/wp-json\/wp\/v2\/product_cat?post=4645"},{"taxonomy":"product_tag","embeddable":true,"href":"https:\/\/axatool.com\/es\/wp-json\/wp\/v2\/product_tag?post=4645"}],"curies":[{"name":"wp","href":"https:\/\/api.w.org\/{rel}","templated":true}]}}