{"id":3850,"date":"2022-03-28T07:40:43","date_gmt":"2022-03-28T07:40:43","guid":{"rendered":"https:\/\/axatool.com\/product\/uncategorized\/cs-285-air-scaling-hammer\/"},"modified":"2022-06-01T05:05:49","modified_gmt":"2022-06-01T05:05:49","slug":"cs-285-air-scaling-hammer","status":"publish","type":"product","link":"https:\/\/axatool.com\/es\/producto\/cs-285-air-scaling-hammer\/","title":{"rendered":"CS-285 Martillo desincrustador de aire"},"content":{"rendered":"<p>Strong, light weight with a single reciprocating piston and grip ring throttle. Delivers rapid vibratory action which effectively removes old paint, rust and scale from structural steel, boilers,tanks and castings. No chisels required as hammer piston itself can acts as the chisel.<\/p>\n<h3>\u2699\ufe0f <strong> Especificaci\u00f3n<\/strong><\/h3>\n<table id=\"tabs-nav\" class=\"xl756500\" style=\"height: 544px; width: 80.6799%; border-style: double; background-color: #fea500; border-color: #ffffff;\" border=\"10\" width=\"500\" rules=\"cols\" cellspacing=\"2\" cellpadding=\"5\" bgcolor=\"#FEA500\">\n<tbody>\n<tr style=\"height: 46px;\" valign=\"middle\">\n<td class=\"xl86\" style=\"width: 27%; height: 25px; border-color: #ffffff;\" bgcolor=\"#FEA500\">\n<div align=\"left\"><span style=\"color: #000000;\"><strong><strong>Golpe del pist\u00f3n<\/strong><\/strong><\/span><\/div>\n<\/td>\n<td class=\"xl72\" style=\"border-color: #ffffff;\" width=\"284\"><span class=\"xl70\" style=\"color: #000000;\">34.7 mm (1.4&#8243;) <\/span><\/td>\n<\/tr>\n<tr style=\"height: 46px;\" valign=\"middle\">\n<td class=\"xl72\" style=\"border-color: #ffffff;\">\n<div align=\"left\"><span style=\"color: #000000;\"><strong>Di\u00e1metro del pist\u00f3n <\/strong><\/span><\/div>\n<\/td>\n<td class=\"xl70\" style=\"border-color: #ffffff;\"><span style=\"color: #000000;\">\u00d8 30 x 80 mm<\/span><\/td>\n<\/tr>\n<tr style=\"height: 46px;\" valign=\"middle\">\n<td class=\"xl72\" style=\"border-color: #ffffff;\">\n<div align=\"left\"><span style=\"color: #000000;\"><strong>Blows per Minute <\/strong><\/span><\/div>\n<\/td>\n<td class=\"xl70\" style=\"border-color: #ffffff;\"><span style=\"color: #000000;\">7,000 RPM<\/span><\/td>\n<\/tr>\n<tr style=\"height: 46px;\" valign=\"middle\">\n<td class=\"xl72\" style=\"border-color: #ffffff;\">\n<div align=\"left\"><span style=\"color: #000000;\"><strong>Promedio Contras de aire <\/strong><\/span><\/div>\n<\/td>\n<td class=\"xl70\" style=\"border-color: #ffffff;\"><span style=\"color: #000000;\">3.3 CFM (93 l\/min)<\/span><\/td>\n<\/tr>\n<tr style=\"height: 46px;\" valign=\"middle\">\n<td class=\"xl72\" style=\"border-color: #ffffff;\">\n<div align=\"left\"><span style=\"color: #000000;\"><strong>Presi\u00f3n del aire <\/strong><\/span><\/div>\n<\/td>\n<td class=\"xl71\" style=\"border-color: #ffffff;\"><span style=\"color: #000000;\">90 PSI (6,2 bares)<\/span><\/td>\n<\/tr>\n<tr style=\"height: 46px;\" valign=\"middle\">\n<td class=\"xl72\" style=\"border-color: #ffffff;\">\n<div align=\"left\"><span style=\"color: #000000;\"><strong>Peso neto <\/strong><\/span><\/div>\n<\/td>\n<td class=\"xl70\" style=\"border-color: #ffffff;\"><span style=\"color: #000000;\">2.4 Kgs (5.3 lbs)<\/span><\/td>\n<\/tr>\n<tr style=\"height: 46px;\" valign=\"middle\">\n<td class=\"xl72\" style=\"border-color: #ffffff;\">\n<div align=\"left\"><span style=\"color: #000000;\"><strong>Longitud total <\/strong><\/span><\/div>\n<\/td>\n<td class=\"xl70\" style=\"border-color: #ffffff;\"><span style=\"color: #000000;\">531 mm (20.9&#8243;)<\/span><\/td>\n<\/tr>\n<tr style=\"height: 46px;\" valign=\"middle\">\n<td class=\"xl72\" style=\"border-color: #ffffff;\">\n<div align=\"left\"><span style=\"color: #000000;\"><strong>Entrada de aire <\/strong><\/span><\/div>\n<\/td>\n<td class=\"xl70\" style=\"border-color: #ffffff;\"><span style=\"color: #000000;\">3\/8&#8243;<\/span><\/td>\n<\/tr>\n<tr style=\"height: 46px;\" valign=\"middle\">\n<td class=\"xl72\" style=\"border-color: #ffffff;\">\n<div align=\"left\"><span style=\"color: #000000;\"><strong>Identificaci\u00f3n de la manguera de aire <\/strong><\/span><\/div>\n<\/td>\n<td class=\"xl73\" style=\"border-color: #ffffff;\" width=\"284\"><span style=\"color: #000000;\">3\/8\u2033 (10mm)<\/span><\/td>\n<\/tr>\n<tr style=\"height: 45px;\" valign=\"middle\">\n<td class=\"xl72\" style=\"border-color: #ffffff;\">\n<div align=\"left\"><span style=\"color: #000000;\"><strong>Presi\u00f3n de sonido <\/strong><\/span><\/div>\n<\/td>\n<td class=\"xl70\" style=\"border-color: #ffffff;\"><span style=\"color: #000000;\">89.1 dB(A)<\/span><\/td>\n<\/tr>\n<tr style=\"height: 46px;\" valign=\"middle\">\n<td class=\"xl72\" style=\"border-color: #ffffff;\">\n<div align=\"left\"><span style=\"color: #000000;\"><strong>Nivel de vibraci\u00f3n <\/strong><\/span><\/div>\n<\/td>\n<td class=\"xl74\" style=\"border-color: #ffffff;\"><span style=\"color: #000000;\">35.1 m\/s \u00b2<\/span><\/td>\n<\/tr>\n<\/tbody>\n<\/table>","protected":false},"excerpt":{"rendered":"<p>Nuestra empresa es un conocido fabricante de escalador de agujas de aire y astilladora de flujo de primera calidad en Taiw\u00e1n. Nos hemos dedicado a servir a los clientes con nuestra durabilidad, precio justo y gran eficiencia de Air Needle Scaler &amp; Flux Chipper.<br \/>\nNo dude en contactarnos si est\u00e1 buscando Air Needle Scaler &amp; Flux Chipper con un dise\u00f1o \u00fanico y elegante.<\/p>","protected":false},"featured_media":3710,"template":"","meta":{"qubely_global_settings":"","qubely_interactions":"","site-sidebar-layout":"default","site-content-layout":"default","ast-global-header-display":"","ast-main-header-display":"","ast-hfb-above-header-display":"","ast-hfb-below-header-display":"","ast-hfb-mobile-header-display":"","site-post-title":"","ast-breadcrumbs-content":"","ast-featured-img":"","footer-sml-layout":"","theme-transparent-header-meta":"","adv-header-id-meta":"","stick-header-meta":"","header-above-stick-meta":"","header-main-stick-meta":"","header-below-stick-meta":""},"product_brand":[],"product_cat":[78],"product_tag":[],"class_list":{"0":"post-3850","1":"product","2":"type-product","3":"status-publish","4":"has-post-thumbnail","6":"product_cat-air-hammer","7":"desktop-align-center","8":"tablet-align-center","9":"mobile-align-center","10":"ast-product-gallery-layout-horizontal-slider","11":"ast-product-tabs-layout-horizontal","12":"ast-qv-on-image","14":"first","15":"instock","16":"shipping-taxable","17":"purchasable","18":"product-type-simple"},"uagb_featured_image_src":{"full":["https:\/\/axatool.com\/wp-content\/uploads\/2022\/03\/CS-285-1-Air-Scaling-Hammer.jpg",1000,1000,false],"thumbnail":["https:\/\/axatool.com\/wp-content\/uploads\/2022\/03\/CS-285-1-Air-Scaling-Hammer-150x150.jpg",150,150,true],"medium":["https:\/\/axatool.com\/wp-content\/uploads\/2022\/03\/CS-285-1-Air-Scaling-Hammer-300x300.jpg",300,300,true],"medium_large":["https:\/\/axatool.com\/wp-content\/uploads\/2022\/03\/CS-285-1-Air-Scaling-Hammer-768x768.jpg",768,768,true],"large":["https:\/\/axatool.com\/wp-content\/uploads\/2022\/03\/CS-285-1-Air-Scaling-Hammer.jpg",1000,1000,false],"1536x1536":["https:\/\/axatool.com\/wp-content\/uploads\/2022\/03\/CS-285-1-Air-Scaling-Hammer.jpg",1000,1000,false],"2048x2048":["https:\/\/axatool.com\/wp-content\/uploads\/2022\/03\/CS-285-1-Air-Scaling-Hammer.jpg",1000,1000,false],"trp-custom-language-flag":["https:\/\/axatool.com\/wp-content\/uploads\/2022\/03\/CS-285-1-Air-Scaling-Hammer.jpg",12,12,false],"qubely_landscape":["https:\/\/axatool.com\/wp-content\/uploads\/2022\/03\/CS-285-1-Air-Scaling-Hammer-1000x750.jpg",1000,750,true],"qubely_portrait":["https:\/\/axatool.com\/wp-content\/uploads\/2022\/03\/CS-285-1-Air-Scaling-Hammer-540x320.jpg",540,320,true],"qubely_thumbnail":["https:\/\/axatool.com\/wp-content\/uploads\/2022\/03\/CS-285-1-Air-Scaling-Hammer-140x100.jpg",140,100,true],"woocommerce_thumbnail":["https:\/\/axatool.com\/wp-content\/uploads\/2022\/03\/CS-285-1-Air-Scaling-Hammer-300x300.jpg",300,300,true],"woocommerce_single":["https:\/\/axatool.com\/wp-content\/uploads\/2022\/03\/CS-285-1-Air-Scaling-Hammer-600x600.jpg",600,600,true],"woocommerce_gallery_thumbnail":["https:\/\/axatool.com\/wp-content\/uploads\/2022\/03\/CS-285-1-Air-Scaling-Hammer-100x100.jpg",100,100,true]},"uagb_author_info":{"display_name":"editor.axatool","author_link":"https:\/\/axatool.com\/es\/author\/"},"uagb_comment_info":0,"uagb_excerpt":"Our company is a well-known manufacturer of premium grade Air Needle Scaler &amp; Flux Chipper in Taiwan. We have devoted ourselves to serve the clients with our durability, fair price and strong efficiency of Air Needle Scaler &amp; Flux Chipper. Please feel free to contact us if you are searching for Air Needle Scaler &amp;&hellip;","_links":{"self":[{"href":"https:\/\/axatool.com\/es\/wp-json\/wp\/v2\/product\/3850","targetHints":{"allow":["GET"]}}],"collection":[{"href":"https:\/\/axatool.com\/es\/wp-json\/wp\/v2\/product"}],"about":[{"href":"https:\/\/axatool.com\/es\/wp-json\/wp\/v2\/types\/product"}],"version-history":[{"count":2,"href":"https:\/\/axatool.com\/es\/wp-json\/wp\/v2\/product\/3850\/revisions"}],"predecessor-version":[{"id":5532,"href":"https:\/\/axatool.com\/es\/wp-json\/wp\/v2\/product\/3850\/revisions\/5532"}],"wp:featuredmedia":[{"embeddable":true,"href":"https:\/\/axatool.com\/es\/wp-json\/wp\/v2\/media\/3710"}],"wp:attachment":[{"href":"https:\/\/axatool.com\/es\/wp-json\/wp\/v2\/media?parent=3850"}],"wp:term":[{"taxonomy":"product_brand","embeddable":true,"href":"https:\/\/axatool.com\/es\/wp-json\/wp\/v2\/product_brand?post=3850"},{"taxonomy":"product_cat","embeddable":true,"href":"https:\/\/axatool.com\/es\/wp-json\/wp\/v2\/product_cat?post=3850"},{"taxonomy":"product_tag","embeddable":true,"href":"https:\/\/axatool.com\/es\/wp-json\/wp\/v2\/product_tag?post=3850"}],"curies":[{"name":"wp","href":"https:\/\/api.w.org\/{rel}","templated":true}]}}