{"id":3848,"date":"2022-03-28T07:40:43","date_gmt":"2022-03-28T07:40:43","guid":{"rendered":"https:\/\/axatool.com\/product\/uncategorized\/cs-283-air-flux-chipper\/"},"modified":"2022-06-01T05:05:49","modified_gmt":"2022-06-01T05:05:49","slug":"cs-283-air-flux-chipper","status":"publish","type":"product","link":"https:\/\/axatool.com\/es\/producto\/cs-283-air-flux-chipper\/","title":{"rendered":"Astilladora de flujo de aire CS-283"},"content":{"rendered":"<p>Designed For Surface Preparation Work. Ideal For Cleaning Or Removal Of Paint, Rust, Dirt, Weld Slag And Weld Flux.<\/p>\n<h3>\u2699\ufe0f <strong> Especificaci\u00f3n<\/strong><\/h3>\n<table id=\"tabs-nav\" class=\"xl756500\" style=\"height: 544px; width: 80.6799%; border-style: double; background-color: #fea500; border-color: #ffffff;\" border=\"10\" width=\"500\" rules=\"cols\" cellspacing=\"2\" cellpadding=\"5\" bgcolor=\"#FEA500\">\n<tbody>\n<tr style=\"height: 46px;\" valign=\"middle\">\n<td class=\"xl86\" style=\"width: 27%; height: 25px; border-color: #ffffff;\" bgcolor=\"#FEA500\">\n<div align=\"left\"><span style=\"color: #000000;\"><strong><span class=\"style1\">Golpe del pist\u00f3n<\/span><\/strong><\/span><\/div>\n<\/td>\n<td class=\"xl72\" style=\"border-color: #ffffff;\" width=\"284\"><span style=\"color: #000000;\">33.5 mm (1.3&#8243;)<\/span><\/td>\n<\/tr>\n<tr style=\"height: 46px;\" valign=\"middle\">\n<td class=\"xl71\" style=\"border-color: #ffffff;\"><span style=\"color: #000000;\"><strong>Di\u00e1metro del pist\u00f3n<\/strong><\/span><\/td>\n<td class=\"xl72\" style=\"border-color: #ffffff;\"><span style=\"color: #000000;\">\u00d8 23.5 x 70 mm<\/span><\/td>\n<\/tr>\n<tr style=\"height: 46px;\" valign=\"middle\">\n<td class=\"xl71\" style=\"border-color: #ffffff;\"><span style=\"color: #000000;\"><strong>Velocidad libre<\/strong><\/span><\/td>\n<td class=\"xl72\" style=\"border-color: #ffffff;\"><span style=\"color: #000000;\">2700 rpm<\/span><\/td>\n<\/tr>\n<tr style=\"height: 46px;\" valign=\"middle\">\n<td class=\"xl71\" style=\"border-color: #ffffff;\"><span style=\"color: #000000;\"><strong>Promedio Contras de aire<\/strong><\/span><\/td>\n<td class=\"xl72\" style=\"border-color: #ffffff;\"><span style=\"color: #000000;\">3 CFM (85 l\/min)<\/span><\/td>\n<\/tr>\n<tr style=\"height: 46px;\" valign=\"middle\">\n<td class=\"xl71\" style=\"border-color: #ffffff;\"><span style=\"color: #000000;\"><strong>Presi\u00f3n del aire<\/strong><\/span><\/td>\n<td class=\"xl72\" style=\"border-color: #ffffff;\"><span style=\"color: #000000;\">90 PSI<\/span><\/td>\n<\/tr>\n<tr style=\"height: 46px;\" valign=\"middle\">\n<td class=\"xl71\" style=\"border-color: #ffffff;\"><span style=\"color: #000000;\"><strong>Peso neto<\/strong><\/span><\/td>\n<td class=\"xl72\" style=\"border-color: #ffffff;\"><span style=\"color: #000000;\">2.2 kgs (4.9 lbs)<\/span><\/td>\n<\/tr>\n<tr style=\"height: 46px;\" valign=\"middle\">\n<td class=\"xl71\" style=\"border-color: #ffffff;\"><span style=\"color: #000000;\"><strong>Longitud total<\/strong><\/span><\/td>\n<td class=\"xl72\" style=\"border-color: #ffffff;\"><span style=\"color: #000000;\">290 mm (11.4&#8243;)<\/span><\/td>\n<\/tr>\n<tr style=\"height: 46px;\" valign=\"middle\">\n<td class=\"xl71\" style=\"border-color: #ffffff;\"><span style=\"color: #000000;\"><strong>Entrada de aire<\/strong><\/span><\/td>\n<td class=\"xl72\" style=\"border-color: #ffffff;\"><span style=\"color: #000000;\">1\/4&#8243;<\/span><\/td>\n<\/tr>\n<tr style=\"height: 46px;\" valign=\"middle\">\n<td class=\"xl71\" style=\"border-color: #ffffff;\"><span style=\"color: #000000;\"><strong>Identificaci\u00f3n de la manguera de aire<\/strong><\/span><\/td>\n<td class=\"xl72\" style=\"border-color: #ffffff;\"><span style=\"color: #000000;\">3\/8&#8243;<\/span><\/td>\n<\/tr>\n<tr style=\"height: 45px;\" valign=\"middle\">\n<td class=\"xl71\" style=\"border-color: #ffffff;\"><span style=\"color: #000000;\"><strong>Presi\u00f3n de sonido<\/strong><\/span><\/td>\n<td class=\"xl72\" style=\"border-color: #ffffff;\"><span style=\"color: #000000;\">92dB(A)<\/span><\/td>\n<\/tr>\n<tr style=\"height: 46px;\" valign=\"middle\">\n<td class=\"xl71\" style=\"border-color: #ffffff;\"><span style=\"color: #000000;\"><strong>Nivel de vibraci\u00f3n<\/strong><\/span><\/td>\n<td class=\"xl72\" style=\"border-color: #ffffff;\"><span style=\"color: #000000;\">24.68 m\/s\u00b2<\/span><\/td>\n<\/tr>\n<\/tbody>\n<\/table>","protected":false},"excerpt":{"rendered":"<p>Nuestra empresa es un conocido fabricante de escalador de agujas de aire y astilladora de flujo de primera calidad en Taiw\u00e1n. Nos hemos dedicado a servir a los clientes con nuestra durabilidad, precio justo y gran eficiencia de Air Needle Scaler &amp; Flux Chipper.<br \/>\nNo dude en contactarnos si est\u00e1 buscando Air Needle Scaler &amp; Flux Chipper con un dise\u00f1o \u00fanico y elegante.<\/p>","protected":false},"featured_media":3715,"template":"","meta":{"qubely_global_settings":"","qubely_interactions":"","site-sidebar-layout":"default","site-content-layout":"default","ast-global-header-display":"","ast-main-header-display":"","ast-hfb-above-header-display":"","ast-hfb-below-header-display":"","ast-hfb-mobile-header-display":"","site-post-title":"","ast-breadcrumbs-content":"","ast-featured-img":"","footer-sml-layout":"","theme-transparent-header-meta":"","adv-header-id-meta":"","stick-header-meta":"","header-above-stick-meta":"","header-main-stick-meta":"","header-below-stick-meta":""},"product_brand":[],"product_cat":[79],"product_tag":[],"class_list":{"0":"post-3848","1":"product","2":"type-product","3":"status-publish","4":"has-post-thumbnail","6":"product_cat-air-needle-scaler-flux-chipper","7":"desktop-align-center","8":"tablet-align-center","9":"mobile-align-center","10":"ast-product-gallery-layout-horizontal-slider","11":"ast-product-gallery-with-no-image","12":"ast-product-tabs-layout-horizontal","13":"ast-qv-on-image","15":"first","16":"instock","17":"shipping-taxable","18":"purchasable","19":"product-type-simple"},"uagb_featured_image_src":{"full":["https:\/\/axatool.com\/wp-content\/uploads\/2022\/03\/CS-283-Air-Needle-Scaler.jpg",1000,1000,false],"thumbnail":["https:\/\/axatool.com\/wp-content\/uploads\/2022\/03\/CS-283-Air-Needle-Scaler-150x150.jpg",150,150,true],"medium":["https:\/\/axatool.com\/wp-content\/uploads\/2022\/03\/CS-283-Air-Needle-Scaler-300x300.jpg",300,300,true],"medium_large":["https:\/\/axatool.com\/wp-content\/uploads\/2022\/03\/CS-283-Air-Needle-Scaler-768x768.jpg",768,768,true],"large":["https:\/\/axatool.com\/wp-content\/uploads\/2022\/03\/CS-283-Air-Needle-Scaler.jpg",1000,1000,false],"1536x1536":["https:\/\/axatool.com\/wp-content\/uploads\/2022\/03\/CS-283-Air-Needle-Scaler.jpg",1000,1000,false],"2048x2048":["https:\/\/axatool.com\/wp-content\/uploads\/2022\/03\/CS-283-Air-Needle-Scaler.jpg",1000,1000,false],"trp-custom-language-flag":["https:\/\/axatool.com\/wp-content\/uploads\/2022\/03\/CS-283-Air-Needle-Scaler.jpg",12,12,false],"qubely_landscape":["https:\/\/axatool.com\/wp-content\/uploads\/2022\/03\/CS-283-Air-Needle-Scaler-1000x750.jpg",1000,750,true],"qubely_portrait":["https:\/\/axatool.com\/wp-content\/uploads\/2022\/03\/CS-283-Air-Needle-Scaler-540x320.jpg",540,320,true],"qubely_thumbnail":["https:\/\/axatool.com\/wp-content\/uploads\/2022\/03\/CS-283-Air-Needle-Scaler-140x100.jpg",140,100,true],"woocommerce_thumbnail":["https:\/\/axatool.com\/wp-content\/uploads\/2022\/03\/CS-283-Air-Needle-Scaler-300x300.jpg",300,300,true],"woocommerce_single":["https:\/\/axatool.com\/wp-content\/uploads\/2022\/03\/CS-283-Air-Needle-Scaler-600x600.jpg",600,600,true],"woocommerce_gallery_thumbnail":["https:\/\/axatool.com\/wp-content\/uploads\/2022\/03\/CS-283-Air-Needle-Scaler-100x100.jpg",100,100,true]},"uagb_author_info":{"display_name":"editor.axatool","author_link":"https:\/\/axatool.com\/es\/author\/"},"uagb_comment_info":0,"uagb_excerpt":"Our company is a well-known manufacturer of premium grade Air Needle Scaler &amp; Flux Chipper in Taiwan. We have devoted ourselves to serve the clients with our durability, fair price and strong efficiency of Air Needle Scaler &amp; Flux Chipper. Please feel free to contact us if you are searching for Air Needle Scaler &amp;&hellip;","_links":{"self":[{"href":"https:\/\/axatool.com\/es\/wp-json\/wp\/v2\/product\/3848","targetHints":{"allow":["GET"]}}],"collection":[{"href":"https:\/\/axatool.com\/es\/wp-json\/wp\/v2\/product"}],"about":[{"href":"https:\/\/axatool.com\/es\/wp-json\/wp\/v2\/types\/product"}],"version-history":[{"count":2,"href":"https:\/\/axatool.com\/es\/wp-json\/wp\/v2\/product\/3848\/revisions"}],"predecessor-version":[{"id":3894,"href":"https:\/\/axatool.com\/es\/wp-json\/wp\/v2\/product\/3848\/revisions\/3894"}],"wp:featuredmedia":[{"embeddable":true,"href":"https:\/\/axatool.com\/es\/wp-json\/wp\/v2\/media\/3715"}],"wp:attachment":[{"href":"https:\/\/axatool.com\/es\/wp-json\/wp\/v2\/media?parent=3848"}],"wp:term":[{"taxonomy":"product_brand","embeddable":true,"href":"https:\/\/axatool.com\/es\/wp-json\/wp\/v2\/product_brand?post=3848"},{"taxonomy":"product_cat","embeddable":true,"href":"https:\/\/axatool.com\/es\/wp-json\/wp\/v2\/product_cat?post=3848"},{"taxonomy":"product_tag","embeddable":true,"href":"https:\/\/axatool.com\/es\/wp-json\/wp\/v2\/product_tag?post=3848"}],"curies":[{"name":"wp","href":"https:\/\/api.w.org\/{rel}","templated":true}]}}