{"id":3461,"date":"2022-03-21T02:24:35","date_gmt":"2022-03-21T02:24:35","guid":{"rendered":"https:\/\/axatool.com\/?post_type=product&#038;p=3461"},"modified":"2022-06-08T06:05:28","modified_gmt":"2022-06-08T06:05:28","slug":"iw-4410-1-2-compact-impact-wrench-copy","status":"publish","type":"product","link":"https:\/\/axatool.com\/es\/producto\/iw-4410-1-2-compact-impact-wrench-copy\/","title":{"rendered":"IW-4410 Llave de impacto compacta de 1\/2\u2033"},"content":{"rendered":"<p>Lightweight composite housing with ergonomic soft grip handle exhaust design provides comfort for long working hours and a secure grip for maximum control and steadiness. Slim body design molded to securely fit and balance hand torque to help reduce vibration and fatigue with less wear on your hands.<\/p>\n<h3>\u2699\ufe0f <strong> Especificaci\u00f3n<\/strong><\/h3>\n<table id=\"tabs-nav\" class=\"xl756500\" style=\"height: 300px; width: 80.6799%; border-style: double; background-color: #fea500; border-color: #ffffff;\" border=\"10\" width=\"500\" cellspacing=\"2\" cellpadding=\"5\">\n<tbody>\n<tr style=\"height: 46px;\">\n<th class=\"xl86\" style=\"border-color: #ffffff; width: 181.433px; height: 25px;\" nowrap=\"nowrap\" bgcolor=\"#FEA500\">\n<div align=\"left\"><strong><span style=\"color: #000000;\">Mecanismo de impacto<\/span><\/strong><\/div>\n<\/th>\n<td class=\"xl85 style5\" style=\"width: 262.3px; height: 25px; border-color: #ffffff;\" nowrap=\"nowrap\">\n<div align=\"left\"><span style=\"color: #000000;\">Twin Hammer<\/span><\/div>\n<\/td>\n<\/tr>\n<tr style=\"height: 46px;\">\n<th class=\"xl86\" style=\"border-color: #ffffff; width: 181.433px; height: 25px;\" nowrap=\"nowrap\" bgcolor=\"#FEA500\">\n<div align=\"left\"><strong><span style=\"color: #000000;\">Velocidad libre<\/span><\/strong><\/div>\n<\/th>\n<td class=\"xl85 style5\" style=\"width: 262.3px; height: 25px; border-color: #ffffff;\" nowrap=\"nowrap\"><span style=\"color: #000000;\">11,000 RPM<\/span><\/td>\n<\/tr>\n<tr style=\"height: 46px;\">\n<th class=\"xl86\" style=\"border-color: #ffffff; width: 181.433px; height: 25px;\" nowrap=\"nowrap\" bgcolor=\"#FEA500\">\n<div align=\"left\"><strong><span style=\"color: #000000;\">m\u00e1x. Esfuerzo de torsi\u00f3n<\/span><\/strong><\/div>\n<\/th>\n<td class=\"xl85\" style=\"width: 262.3px; height: 25px; border-color: #ffffff;\"><span style=\"color: #000000;\">500 ft\/lb (678 Nm)<\/span><\/td>\n<\/tr>\n<tr style=\"height: 46px;\">\n<th class=\"xl86\" style=\"border-color: #ffffff; width: 181.433px; height: 25px;\" nowrap=\"nowrap\" bgcolor=\"#FEA500\">\n<div class=\"style5\" align=\"left\">\n<div align=\"left\"><strong><span style=\"color: #000000;\">Promedio Contras de aire<\/span><\/strong><\/div>\n<\/div>\n<\/th>\n<td class=\"xl87\" style=\"width: 262.3px; height: 25px; border-color: #ffffff;\"><span style=\"color: #000000;\">8.5 SCFM<\/span><\/td>\n<\/tr>\n<tr style=\"height: 46px;\">\n<th class=\"xl86\" style=\"border-color: #ffffff; width: 181.433px; height: 25px;\" nowrap=\"nowrap\" bgcolor=\"#FEA500\">\n<div align=\"left\"><strong><span style=\"color: #000000;\">Presi\u00f3n laboral<\/span><\/strong><\/div>\n<\/th>\n<td class=\"xl85\" style=\"width: 262.3px; height: 25px; border-color: #ffffff;\"><span style=\"color: #000000;\">90 PSI (6,2 bares)<\/span><\/td>\n<\/tr>\n<tr style=\"height: 46px;\">\n<th class=\"xl86\" style=\"border-color: #ffffff; width: 181.433px; height: 25px;\" nowrap=\"nowrap\" bgcolor=\"#FEA500\">\n<div align=\"left\"><strong><span style=\"color: #000000;\">Peso neto<\/span><\/strong><\/div>\n<\/th>\n<td class=\"xl85\" style=\"width: 262.3px; height: 25px; border-color: #ffffff;\"><span style=\"color: #000000;\">1.64 Kgs (3.61 lbs)<\/span><\/td>\n<\/tr>\n<tr style=\"height: 46px;\">\n<th class=\"xl86\" style=\"border-color: #ffffff; width: 181.433px; height: 25px;\" nowrap=\"nowrap\" bgcolor=\"#FEA500\">\n<div align=\"left\"><strong><span style=\"color: #000000;\">Longitud total<\/span><\/strong><\/div>\n<\/th>\n<td class=\"xl85\" style=\"width: 262.3px; height: 25px; border-color: #ffffff;\"><span style=\"color: #000000;\">130 mm (5.10&#8243;)<\/span><\/td>\n<\/tr>\n<tr style=\"height: 46px;\">\n<th class=\"xl86\" style=\"border-color: #ffffff; width: 181.433px; height: 25px;\" nowrap=\"nowrap\" bgcolor=\"#FEA500\">\n<div align=\"left\"><strong><span style=\"color: #000000;\">Entrada de aire<\/span><\/strong><\/div>\n<\/th>\n<td class=\"xl85\" style=\"width: 262.3px; height: 25px; border-color: #ffffff;\"><span style=\"color: #000000;\">1\/4&#8243;<\/span><\/td>\n<\/tr>\n<tr style=\"height: 46px;\">\n<th class=\"xl86\" style=\"border-color: #ffffff; width: 181.433px; height: 25px;\" nowrap=\"nowrap\" bgcolor=\"#FEA500\">\n<div align=\"left\"><strong><span style=\"color: #000000;\">Identificaci\u00f3n de la manguera de aire<\/span><\/strong><\/div>\n<\/th>\n<td class=\"xl85\" style=\"width: 262.3px; height: 25px; border-color: #ffffff;\"><span style=\"color: #000000;\">3\/8&#8243;<\/span><\/td>\n<\/tr>\n<tr style=\"height: 46px;\">\n<th class=\"xl86\" style=\"border-color: #ffffff; width: 181.433px; height: 25px;\" nowrap=\"nowrap\" bgcolor=\"#FEA500\">\n<div align=\"left\"><span style=\"color: #000000;\">Escape de aire<\/span><\/div>\n<\/th>\n<td class=\"xl86\" style=\"width: 262.3px; height: 25px; border-color: #ffffff;\"><span style=\"color: #000000;\">Trasero<\/span><\/td>\n<\/tr>\n<tr style=\"height: 46px;\">\n<th class=\"xl86\" style=\"border-color: #ffffff; width: 181.433px; height: 25px;\" nowrap=\"nowrap\" bgcolor=\"#FEA500\">\n<div align=\"left\"><span style=\"color: #000000;\">Ruido de sonido<\/span><\/div>\n<\/th>\n<td class=\"xl85\" style=\"width: 262.3px; height: 25px; border-color: #ffffff;\"><span style=\"color: #000000;\">106.81 dB(A)<\/span><\/td>\n<\/tr>\n<tr style=\"height: 46px;\">\n<th class=\"xl86\" style=\"border-color: #ffffff; width: 181.433px; height: 25px;\" nowrap=\"nowrap\" bgcolor=\"#FEA500\">\n<div align=\"left\"><span style=\"color: #000000;\">Vibration Level:<\/span><\/div>\n<\/th>\n<td class=\"xl85\" style=\"width: 262.3px; height: 25px; border-color: #ffffff;\"><span style=\"color: #000000;\">5.8 m\/s\u00b2<\/span><\/td>\n<\/tr>\n<\/tbody>\n<\/table>","protected":false},"excerpt":{"rendered":"<p>Nuestra empresa es un conocido fabricante de llaves de impacto neum\u00e1ticas de primera calidad en Taiw\u00e1n.<br \/>\nNos hemos dedicado a servir a los clientes con nuestra durabilidad, precio justo y gran eficiencia de la llave de impacto neum\u00e1tica.<br \/>\nNo dude en contactarnos si est\u00e1 buscando una llave de impacto neum\u00e1tica con un dise\u00f1o \u00fanico y elegante.<\/p>","protected":false},"featured_media":3459,"template":"","meta":{"qubely_global_settings":"","qubely_interactions":"","site-sidebar-layout":"default","site-content-layout":"default","ast-global-header-display":"","ast-main-header-display":"","ast-hfb-above-header-display":"","ast-hfb-below-header-display":"","ast-hfb-mobile-header-display":"","site-post-title":"","ast-breadcrumbs-content":"","ast-featured-img":"","footer-sml-layout":"","theme-transparent-header-meta":"","adv-header-id-meta":"","stick-header-meta":"","header-above-stick-meta":"","header-main-stick-meta":"","header-below-stick-meta":""},"product_brand":[],"product_cat":[61,59],"product_tag":[127],"class_list":{"0":"post-3461","1":"product","2":"type-product","3":"status-publish","4":"has-post-thumbnail","6":"product_cat-1-2-impact-wrench","7":"product_cat-air-impact-wrench","8":"product_tag-twin","9":"desktop-align-center","10":"tablet-align-center","11":"mobile-align-center","12":"ast-product-gallery-layout-horizontal-slider","13":"ast-product-tabs-layout-horizontal","14":"ast-qv-on-image","16":"first","17":"instock","18":"shipping-taxable","19":"purchasable","20":"product-type-simple"},"uagb_featured_image_src":{"full":["https:\/\/axatool.com\/wp-content\/uploads\/2022\/03\/IW-4410-4-Mini-Impact-Wrench.jpg",1000,1000,false],"thumbnail":["https:\/\/axatool.com\/wp-content\/uploads\/2022\/03\/IW-4410-4-Mini-Impact-Wrench-150x150.jpg",150,150,true],"medium":["https:\/\/axatool.com\/wp-content\/uploads\/2022\/03\/IW-4410-4-Mini-Impact-Wrench-300x300.jpg",300,300,true],"medium_large":["https:\/\/axatool.com\/wp-content\/uploads\/2022\/03\/IW-4410-4-Mini-Impact-Wrench-768x768.jpg",768,768,true],"large":["https:\/\/axatool.com\/wp-content\/uploads\/2022\/03\/IW-4410-4-Mini-Impact-Wrench.jpg",1000,1000,false],"1536x1536":["https:\/\/axatool.com\/wp-content\/uploads\/2022\/03\/IW-4410-4-Mini-Impact-Wrench.jpg",1000,1000,false],"2048x2048":["https:\/\/axatool.com\/wp-content\/uploads\/2022\/03\/IW-4410-4-Mini-Impact-Wrench.jpg",1000,1000,false],"trp-custom-language-flag":["https:\/\/axatool.com\/wp-content\/uploads\/2022\/03\/IW-4410-4-Mini-Impact-Wrench.jpg",12,12,false],"qubely_landscape":["https:\/\/axatool.com\/wp-content\/uploads\/2022\/03\/IW-4410-4-Mini-Impact-Wrench-1000x750.jpg",1000,750,true],"qubely_portrait":["https:\/\/axatool.com\/wp-content\/uploads\/2022\/03\/IW-4410-4-Mini-Impact-Wrench-540x320.jpg",540,320,true],"qubely_thumbnail":["https:\/\/axatool.com\/wp-content\/uploads\/2022\/03\/IW-4410-4-Mini-Impact-Wrench-140x100.jpg",140,100,true],"woocommerce_thumbnail":["https:\/\/axatool.com\/wp-content\/uploads\/2022\/03\/IW-4410-4-Mini-Impact-Wrench-300x300.jpg",300,300,true],"woocommerce_single":["https:\/\/axatool.com\/wp-content\/uploads\/2022\/03\/IW-4410-4-Mini-Impact-Wrench-600x600.jpg",600,600,true],"woocommerce_gallery_thumbnail":["https:\/\/axatool.com\/wp-content\/uploads\/2022\/03\/IW-4410-4-Mini-Impact-Wrench-100x100.jpg",100,100,true]},"uagb_author_info":{"display_name":"editor.axatool","author_link":"https:\/\/axatool.com\/es\/author\/"},"uagb_comment_info":0,"uagb_excerpt":"Our company is a well-known manufacturer of premium grade Air Impact Wrench in Taiwan. We have devoted ourselves to serve the clients with our durability, fair price and strong efficiency of Air Impact Wrench. Please feel free to contact us if you are searching for Air Impact Wrench with unique and stylish design.","_links":{"self":[{"href":"https:\/\/axatool.com\/es\/wp-json\/wp\/v2\/product\/3461","targetHints":{"allow":["GET"]}}],"collection":[{"href":"https:\/\/axatool.com\/es\/wp-json\/wp\/v2\/product"}],"about":[{"href":"https:\/\/axatool.com\/es\/wp-json\/wp\/v2\/types\/product"}],"version-history":[{"count":4,"href":"https:\/\/axatool.com\/es\/wp-json\/wp\/v2\/product\/3461\/revisions"}],"predecessor-version":[{"id":4110,"href":"https:\/\/axatool.com\/es\/wp-json\/wp\/v2\/product\/3461\/revisions\/4110"}],"wp:featuredmedia":[{"embeddable":true,"href":"https:\/\/axatool.com\/es\/wp-json\/wp\/v2\/media\/3459"}],"wp:attachment":[{"href":"https:\/\/axatool.com\/es\/wp-json\/wp\/v2\/media?parent=3461"}],"wp:term":[{"taxonomy":"product_brand","embeddable":true,"href":"https:\/\/axatool.com\/es\/wp-json\/wp\/v2\/product_brand?post=3461"},{"taxonomy":"product_cat","embeddable":true,"href":"https:\/\/axatool.com\/es\/wp-json\/wp\/v2\/product_cat?post=3461"},{"taxonomy":"product_tag","embeddable":true,"href":"https:\/\/axatool.com\/es\/wp-json\/wp\/v2\/product_tag?post=3461"}],"curies":[{"name":"wp","href":"https:\/\/api.w.org\/{rel}","templated":true}]}}