{"id":3327,"date":"2022-03-17T06:30:11","date_gmt":"2022-03-17T06:30:11","guid":{"rendered":"https:\/\/axatool.com\/product\/iw-3210-3-8-butterfly-impact-wrench\/"},"modified":"2022-06-08T06:02:37","modified_gmt":"2022-06-08T06:02:37","slug":"iw-3210-3-8-butterfly-impact-wrench","status":"publish","type":"product","link":"https:\/\/axatool.com\/es\/producto\/iw-3210-3-8-butterfly-impact-wrench\/","title":{"rendered":"IW-3210 Llave de impacto mariposa de 3\/8\u2033"},"content":{"rendered":"<ul>\n<li>Butterfly throttle for single handed control of speed and forward \/ reverse.<\/li>\n<li>Air inlet swivels 360 degree.<\/li>\n<li>Ideal for small fastener work in engine and body repair shops, on carburetor, ignitions, body panels, bumper and fender struts, and for small engine.<\/li>\n<\/ul>\n<h3>\u2699\ufe0f <strong> Especificaci\u00f3n<\/strong><\/h3>\n<table id=\"tabs-nav\" class=\"xl756500\" style=\"height: 544px; width: 80.6799%; border-style: double; background-color: #fea500; border-color: #ffffff;\" border=\"10\" width=\"500\" cellspacing=\"2\" cellpadding=\"5\">\n<tbody>\n<tr style=\"height: 46px;\">\n<th class=\"xl86\" style=\"border-color: #ffffff; width: 27%; height: 25px;\" nowrap=\"nowrap\" bgcolor=\"#FEA500\">\n<div class=\"style5\" align=\"left\">\n<div align=\"left\"><strong><span style=\"color: #000000;\">Mecanismo de impacto<\/span><\/strong><\/div>\n<\/div>\n<\/th>\n<td class=\"xl85\" style=\"border-color: #ffffff;\" width=\"261\"><span style=\"color: #000000;\">Two Rocking Dog<\/span><\/td>\n<\/tr>\n<tr style=\"height: 46px;\">\n<th class=\"xl86\" style=\"border-color: #ffffff; width: 28.2022%; height: 46px;\" nowrap=\"nowrap\" bgcolor=\"#FEA500\">\n<div class=\"style5\" align=\"left\">\n<div align=\"left\"><strong><span style=\"color: #000000;\">Velocidad libre<\/span><\/strong><\/div>\n<\/div>\n<\/th>\n<td class=\"xl85\" style=\"border-color: #ffffff;\"><span style=\"color: #000000;\">9,000 RPM<\/span><\/td>\n<\/tr>\n<tr style=\"height: 46px;\">\n<th class=\"xl86\" style=\"border-color: #ffffff; width: 28.2022%; height: 46px;\" nowrap=\"nowrap\" bgcolor=\"#FEA500\">\n<div class=\"style5\" align=\"left\">\n<div align=\"left\"><strong><span style=\"color: #000000;\">m\u00e1x. Esfuerzo de torsi\u00f3n<\/span><\/strong><\/div>\n<\/div>\n<\/th>\n<td class=\"xl85\" style=\"border-color: #ffffff;\"><span style=\"color: #000000;\">175 ft\/lb (237 Nm)<\/span><\/td>\n<\/tr>\n<tr style=\"height: 46px;\">\n<th class=\"xl86\" style=\"border-color: #ffffff; width: 28.2022%; height: 46px;\" nowrap=\"nowrap\" bgcolor=\"#FEA500\">\n<div class=\"style5\" align=\"left\">\n<div align=\"left\"><strong><span style=\"color: #000000;\">Promedio Contras de aire<\/span><\/strong><\/div>\n<\/div>\n<\/th>\n<td class=\"xl85\" style=\"border-color: #ffffff;\"><span style=\"color: #000000;\">8.5 CFM (241 l\/min)<\/span><\/td>\n<\/tr>\n<tr style=\"height: 46px;\">\n<th class=\"xl86\" style=\"border-color: #ffffff; width: 28.2022%; height: 46px;\" nowrap=\"nowrap\" bgcolor=\"#FEA500\">\n<div class=\"style5\" align=\"left\">\n<div align=\"left\"><strong><span style=\"color: #000000;\">Presi\u00f3n laboral<\/span><\/strong><\/div>\n<\/div>\n<\/th>\n<td class=\"xl85\" style=\"border-color: #ffffff;\"><span style=\"color: #000000;\">90 PSI (6,2 bares)<\/span><\/td>\n<\/tr>\n<tr style=\"height: 46px;\">\n<th class=\"xl86\" style=\"border-color: #ffffff; width: 28.2022%; height: 46px;\" nowrap=\"nowrap\" bgcolor=\"#FEA500\">\n<div class=\"style5\" align=\"left\">\n<div align=\"left\"><strong><span style=\"color: #000000;\">Peso neto<\/span><\/strong><\/div>\n<\/div>\n<\/th>\n<td class=\"xl85\" style=\"border-color: #ffffff;\"><span style=\"color: #000000;\">1.04 Kgs (2.67 lbs)<\/span><\/td>\n<\/tr>\n<tr style=\"height: 46px;\">\n<th class=\"xl86\" style=\"border-color: #ffffff; width: 28.2022%; height: 46px;\" nowrap=\"nowrap\" bgcolor=\"#FEA500\">\n<div class=\"style5\" align=\"left\">\n<div align=\"left\"><strong><span style=\"color: #000000;\">Longitud total<\/span><\/strong><\/div>\n<\/div>\n<\/th>\n<td class=\"xl85\" style=\"border-color: #ffffff;\"><span style=\"color: #000000;\">165 mm (6.5&#8243;)<\/span><\/td>\n<\/tr>\n<tr style=\"height: 45px;\">\n<th class=\"xl86\" style=\"border-color: #ffffff; width: 28.2022%; height: 45px;\" nowrap=\"nowrap\" bgcolor=\"#FEA500\">\n<div class=\"style5\" align=\"left\">\n<div align=\"left\"><strong><span style=\"color: #000000;\">Entrada de aire<\/span><\/strong><\/div>\n<\/div>\n<\/th>\n<td class=\"xl85\" style=\"border-color: #ffffff;\"><span style=\"color: #000000;\">1\/4&#8243;<\/span><\/td>\n<\/tr>\n<tr style=\"height: 46px;\">\n<th class=\"xl86\" style=\"border-color: #ffffff; width: 28.2022%; height: 46px;\" nowrap=\"nowrap\" bgcolor=\"#FEA500\">\n<div class=\"style5\" align=\"left\">\n<div align=\"left\"><strong><span style=\"color: #000000;\">Identificaci\u00f3n de la manguera de aire<\/span><\/strong><\/div>\n<\/div>\n<\/th>\n<td class=\"xl85\" style=\"border-color: #ffffff;\"><span style=\"color: #000000;\">3\/8&#8243;<\/span><\/td>\n<\/tr>\n<tr style=\"height: 46px;\">\n<th class=\"xl86\" style=\"border-color: #ffffff; width: 28.2022%; height: 46px;\" nowrap=\"nowrap\" bgcolor=\"#FEA500\">\n<div class=\"style5\" align=\"left\">\n<div align=\"left\"><strong><span style=\"color: #000000;\">Escape de aire<\/span><\/strong><\/div>\n<\/div>\n<\/th>\n<td class=\"xl85\" style=\"border-color: #ffffff;\"><span style=\"color: #000000;\">Front<\/span><\/td>\n<\/tr>\n<\/tbody>\n<\/table>","protected":false},"excerpt":{"rendered":"<p>Nuestra empresa es un conocido fabricante de llaves de impacto neum\u00e1ticas de primera calidad en Taiw\u00e1n.<br \/>\nNos hemos dedicado a servir a los clientes con nuestra durabilidad, precio justo y gran eficiencia de la llave de impacto neum\u00e1tica.<br \/>\nNo dude en contactarnos si est\u00e1 buscando una llave de impacto neum\u00e1tica con un dise\u00f1o \u00fanico y elegante.<\/p>","protected":false},"featured_media":3449,"template":"","meta":{"qubely_global_settings":"","qubely_interactions":"","site-sidebar-layout":"default","site-content-layout":"default","ast-global-header-display":"","ast-main-header-display":"","ast-hfb-above-header-display":"","ast-hfb-below-header-display":"","ast-hfb-mobile-header-display":"","site-post-title":"","ast-breadcrumbs-content":"","ast-featured-img":"","footer-sml-layout":"","theme-transparent-header-meta":"","adv-header-id-meta":"","stick-header-meta":"","header-above-stick-meta":"","header-main-stick-meta":"","header-below-stick-meta":""},"product_brand":[],"product_cat":[60],"product_tag":[124],"class_list":{"0":"post-3327","1":"product","2":"type-product","3":"status-publish","4":"has-post-thumbnail","6":"product_cat-3-8-impact-wrench","7":"product_tag-rocking","8":"desktop-align-center","9":"tablet-align-center","10":"mobile-align-center","11":"ast-product-gallery-layout-horizontal-slider","12":"ast-product-gallery-with-no-image","13":"ast-product-tabs-layout-horizontal","14":"ast-qv-on-image","16":"first","17":"instock","18":"shipping-taxable","19":"purchasable","20":"product-type-simple"},"uagb_featured_image_src":{"full":["https:\/\/axatool.com\/wp-content\/uploads\/2022\/03\/IW-3210-Air-Impact-Wrench.jpg",1000,1000,false],"thumbnail":["https:\/\/axatool.com\/wp-content\/uploads\/2022\/03\/IW-3210-Air-Impact-Wrench-150x150.jpg",150,150,true],"medium":["https:\/\/axatool.com\/wp-content\/uploads\/2022\/03\/IW-3210-Air-Impact-Wrench-300x300.jpg",300,300,true],"medium_large":["https:\/\/axatool.com\/wp-content\/uploads\/2022\/03\/IW-3210-Air-Impact-Wrench-768x768.jpg",768,768,true],"large":["https:\/\/axatool.com\/wp-content\/uploads\/2022\/03\/IW-3210-Air-Impact-Wrench.jpg",1000,1000,false],"1536x1536":["https:\/\/axatool.com\/wp-content\/uploads\/2022\/03\/IW-3210-Air-Impact-Wrench.jpg",1000,1000,false],"2048x2048":["https:\/\/axatool.com\/wp-content\/uploads\/2022\/03\/IW-3210-Air-Impact-Wrench.jpg",1000,1000,false],"trp-custom-language-flag":["https:\/\/axatool.com\/wp-content\/uploads\/2022\/03\/IW-3210-Air-Impact-Wrench.jpg",12,12,false],"qubely_landscape":["https:\/\/axatool.com\/wp-content\/uploads\/2022\/03\/IW-3210-Air-Impact-Wrench-1000x750.jpg",1000,750,true],"qubely_portrait":["https:\/\/axatool.com\/wp-content\/uploads\/2022\/03\/IW-3210-Air-Impact-Wrench-540x320.jpg",540,320,true],"qubely_thumbnail":["https:\/\/axatool.com\/wp-content\/uploads\/2022\/03\/IW-3210-Air-Impact-Wrench-140x100.jpg",140,100,true],"woocommerce_thumbnail":["https:\/\/axatool.com\/wp-content\/uploads\/2022\/03\/IW-3210-Air-Impact-Wrench-300x300.jpg",300,300,true],"woocommerce_single":["https:\/\/axatool.com\/wp-content\/uploads\/2022\/03\/IW-3210-Air-Impact-Wrench-600x600.jpg",600,600,true],"woocommerce_gallery_thumbnail":["https:\/\/axatool.com\/wp-content\/uploads\/2022\/03\/IW-3210-Air-Impact-Wrench-100x100.jpg",100,100,true]},"uagb_author_info":{"display_name":"editor.axatool","author_link":"https:\/\/axatool.com\/es\/author\/"},"uagb_comment_info":0,"uagb_excerpt":"Our company is a well-known manufacturer of premium grade Air Impact Wrench in Taiwan. We have devoted ourselves to serve the clients with our durability, fair price and strong efficiency of Air Impact Wrench. Please feel free to contact us if you are searching for Air Impact Wrench with unique and stylish design.","_links":{"self":[{"href":"https:\/\/axatool.com\/es\/wp-json\/wp\/v2\/product\/3327","targetHints":{"allow":["GET"]}}],"collection":[{"href":"https:\/\/axatool.com\/es\/wp-json\/wp\/v2\/product"}],"about":[{"href":"https:\/\/axatool.com\/es\/wp-json\/wp\/v2\/types\/product"}],"version-history":[{"count":7,"href":"https:\/\/axatool.com\/es\/wp-json\/wp\/v2\/product\/3327\/revisions"}],"predecessor-version":[{"id":7169,"href":"https:\/\/axatool.com\/es\/wp-json\/wp\/v2\/product\/3327\/revisions\/7169"}],"wp:featuredmedia":[{"embeddable":true,"href":"https:\/\/axatool.com\/es\/wp-json\/wp\/v2\/media\/3449"}],"wp:attachment":[{"href":"https:\/\/axatool.com\/es\/wp-json\/wp\/v2\/media?parent=3327"}],"wp:term":[{"taxonomy":"product_brand","embeddable":true,"href":"https:\/\/axatool.com\/es\/wp-json\/wp\/v2\/product_brand?post=3327"},{"taxonomy":"product_cat","embeddable":true,"href":"https:\/\/axatool.com\/es\/wp-json\/wp\/v2\/product_cat?post=3327"},{"taxonomy":"product_tag","embeddable":true,"href":"https:\/\/axatool.com\/es\/wp-json\/wp\/v2\/product_tag?post=3327"}],"curies":[{"name":"wp","href":"https:\/\/api.w.org\/{rel}","templated":true}]}}