{"id":3321,"date":"2022-03-17T06:30:10","date_gmt":"2022-03-17T06:30:10","guid":{"rendered":"https:\/\/axatool.com\/product\/iw-4510-1-2-compact-impact-wrench\/"},"modified":"2022-06-08T06:06:24","modified_gmt":"2022-06-08T06:06:24","slug":"iw-4510-1-2-compact-impact-wrench","status":"publish","type":"product","link":"https:\/\/axatool.com\/es\/producto\/iw-4510-1-2-compact-impact-wrench\/","title":{"rendered":"IW-4510 Llave de impacto compacta de 1\/2\u2033"},"content":{"rendered":"<ul>\n<li>Comfortable holding.<\/li>\n<li>Lightweight aluminium.<\/li>\n<li>Mini design, lighter weight.<\/li>\n<li>Bottom exhaust.<\/li>\n<\/ul>\n<h3>\u2699\ufe0f <strong> Especificaci\u00f3n<\/strong><\/h3>\n<table id=\"tabs-nav\" class=\"xl756500\" style=\"height: 544px; width: 80.6799%; border-style: double; background-color: #fea500; border-color: #ffffff;\" border=\"10\" width=\"500\" cellspacing=\"2\" cellpadding=\"5\">\n<tbody>\n<tr style=\"height: 46px;\" valign=\"middle\">\n<th class=\"xl86\" style=\"width: 27%; height: 25px; border-color: #ffffff;\" nowrap=\"nowrap\" bgcolor=\"#FEA500\">\n<div align=\"left\"><span class=\"style1\"><span style=\"color: #000000;\"><strong>Mecanismo de impacto<\/strong><\/span><\/span><\/div>\n<\/th>\n<td class=\"xl86\" style=\"border-color: #ffffff;\" width=\"284\"><span style=\"color: #000000;\">Twin Hammer<\/span><\/td>\n<\/tr>\n<tr style=\"height: 46px;\" valign=\"middle\">\n<th class=\"xl86\" style=\"width: 27%; height: 25px; border-color: #ffffff;\" nowrap=\"nowrap\" bgcolor=\"#FEA500\">\n<div align=\"left\"><span class=\"style1\"><span style=\"color: #000000;\"><strong>Velocidad libre<\/strong><\/span><\/span><\/div>\n<\/th>\n<td class=\"xl87\" style=\"border-color: #ffffff;\"><span style=\"color: #000000;\">9,000 RPM<\/span><\/td>\n<\/tr>\n<tr style=\"height: 46px;\" valign=\"middle\">\n<th class=\"xl86\" style=\"width: 27%; height: 25px; border-color: #ffffff;\" nowrap=\"nowrap\" bgcolor=\"#FEA500\">\n<div align=\"left\"><span class=\"style1\"><span style=\"color: #000000;\"><strong>m\u00e1x. Esfuerzo de torsi\u00f3n<\/strong><\/span><\/span><\/div>\n<\/th>\n<td class=\"xl86\" style=\"border-color: #ffffff;\"><span style=\"color: #000000;\">881 Nm (650 ft\/lb)<\/span><\/td>\n<\/tr>\n<tr style=\"height: 46px;\" valign=\"middle\">\n<th class=\"xl86\" style=\"width: 27%; height: 25px; border-color: #ffffff;\" nowrap=\"nowrap\" bgcolor=\"#FEA500\">\n<div align=\"left\"><span style=\"color: #000000;\"><strong>Promedio Contras de aire<\/strong><\/span><\/div>\n<\/th>\n<td class=\"xl87\" style=\"border-color: #ffffff;\"><span style=\"color: #000000;\">7.5 CFM<\/span><\/td>\n<\/tr>\n<tr style=\"height: 46px;\" valign=\"middle\">\n<th class=\"xl86\" style=\"width: 27%; height: 25px; border-color: #ffffff;\" nowrap=\"nowrap\" bgcolor=\"#FEA500\">\n<div align=\"left\"><span class=\"style1\"><span style=\"color: #000000;\"><strong>Presi\u00f3n laboral<\/strong><\/span><\/span><\/div>\n<\/th>\n<td class=\"xl86\" style=\"border-color: #ffffff;\"><span style=\"color: #000000;\">90 PSI (6,2 bares)<\/span><\/td>\n<\/tr>\n<tr style=\"height: 46px;\" valign=\"middle\">\n<th class=\"xl86\" style=\"width: 27%; height: 25px; border-color: #ffffff;\" nowrap=\"nowrap\" bgcolor=\"#FEA500\">\n<div align=\"left\"><span class=\"style1\"><span style=\"color: #000000;\"><strong>Peso neto<\/strong><\/span><\/span><\/div>\n<\/th>\n<td class=\"xl86\" style=\"border-color: #ffffff;\"><span style=\"color: #000000;\">1.25 Kgs (2.75 lbs)<\/span><\/td>\n<\/tr>\n<tr style=\"height: 46px;\" valign=\"middle\">\n<th class=\"xl86\" style=\"width: 27%; height: 25px; border-color: #ffffff;\" nowrap=\"nowrap\" bgcolor=\"#FEA500\">\n<div align=\"left\"><span class=\"style1\"><span style=\"color: #000000;\"><strong>Longitud total<\/strong><\/span><\/span><\/div>\n<\/th>\n<td class=\"xl86\" style=\"border-color: #ffffff;\"><span style=\"color: #000000;\">112 mm (4.4&#8243;)<\/span><\/td>\n<\/tr>\n<tr style=\"height: 45px;\" valign=\"middle\">\n<th class=\"xl86\" style=\"width: 27%; height: 25px; border-color: #ffffff;\" nowrap=\"nowrap\" bgcolor=\"#FEA500\">\n<div align=\"left\"><span class=\"style1\"><span style=\"color: #000000;\"><strong>Entrada de aire<\/strong><\/span><\/span><\/div>\n<\/th>\n<td class=\"xl85\" style=\"border-color: #ffffff;\"><span style=\"color: #000000;\">1\/4&#8243;<\/span><\/td>\n<\/tr>\n<tr style=\"height: 46px;\" valign=\"middle\">\n<th class=\"xl86\" style=\"width: 27%; height: 25px; border-color: #ffffff;\" nowrap=\"nowrap\" bgcolor=\"#FEA500\">\n<div align=\"left\"><span class=\"style1\"><span style=\"color: #000000;\"><strong>Identificaci\u00f3n de la manguera de aire<\/strong><\/span><\/span><\/div>\n<\/th>\n<td class=\"xl85\" style=\"border-color: #ffffff;\"><span style=\"color: #000000;\">3\/8&#8243;<\/span><\/td>\n<\/tr>\n<tr style=\"height: 46px;\" valign=\"middle\">\n<th class=\"xl86\" style=\"width: 27%; height: 25px; border-color: #ffffff;\" nowrap=\"nowrap\" bgcolor=\"#FEA500\">\n<div align=\"left\"><span class=\"style1\"><span style=\"color: #000000;\"><strong>Escape de aire<\/strong><\/span><\/span><\/div>\n<\/th>\n<td class=\"xl86\" style=\"border-color: #ffffff;\"><span style=\"color: #000000;\">Handle \/ Down<\/span><\/td>\n<\/tr>\n<tr style=\"height: 46px;\" valign=\"middle\">\n<th class=\"xl86\" style=\"width: 27%; height: 25px; border-color: #ffffff;\" nowrap=\"nowrap\" bgcolor=\"#FEA500\">\n<div align=\"left\"><span class=\"style1\"><span style=\"color: #000000;\"><strong>Ruido de sonido<\/strong><\/span><\/span><\/div>\n<\/th>\n<td class=\"xl88\" style=\"border-color: #ffffff;\"><span style=\"color: #000000;\">101 dB(A)<\/span><\/td>\n<\/tr>\n<tr style=\"height: 46px;\" valign=\"middle\">\n<th class=\"xl86\" style=\"width: 27%; height: 25px; border-color: #ffffff;\" nowrap=\"nowrap\" bgcolor=\"#FEA500\">\n<div align=\"left\"><span class=\"style1\"><span style=\"color: #000000;\"><strong>Nivel de vibraci\u00f3n<\/strong><\/span><\/span><\/div>\n<\/th>\n<td class=\"xl85\" style=\"border-color: #ffffff;\"><span style=\"color: #000000;\"><span class=\"xl86\">6.2 m\/s\u00b2<\/span><\/span><\/td>\n<\/tr>\n<\/tbody>\n<\/table>","protected":false},"excerpt":{"rendered":"<p>Nuestra empresa es un conocido fabricante de llaves de impacto neum\u00e1ticas de primera calidad en Taiw\u00e1n.<br \/>\nNos hemos dedicado a servir a los clientes con nuestra durabilidad, precio justo y gran eficiencia de la llave de impacto neum\u00e1tica.<br \/>\nNo dude en contactarnos si est\u00e1 buscando una llave de impacto neum\u00e1tica con un dise\u00f1o \u00fanico y elegante.<\/p>","protected":false},"featured_media":3542,"template":"","meta":{"qubely_global_settings":"","qubely_interactions":"","site-sidebar-layout":"default","site-content-layout":"default","ast-global-header-display":"","ast-main-header-display":"","ast-hfb-above-header-display":"","ast-hfb-below-header-display":"","ast-hfb-mobile-header-display":"","site-post-title":"","ast-breadcrumbs-content":"","ast-featured-img":"","footer-sml-layout":"","theme-transparent-header-meta":"","adv-header-id-meta":"","stick-header-meta":"","header-above-stick-meta":"","header-main-stick-meta":"","header-below-stick-meta":""},"product_brand":[],"product_cat":[61],"product_tag":[127],"class_list":{"0":"post-3321","1":"product","2":"type-product","3":"status-publish","4":"has-post-thumbnail","6":"product_cat-1-2-impact-wrench","7":"product_tag-twin","8":"desktop-align-center","9":"tablet-align-center","10":"mobile-align-center","11":"ast-product-gallery-layout-horizontal-slider","12":"ast-product-tabs-layout-horizontal","13":"ast-qv-on-image","15":"first","16":"instock","17":"shipping-taxable","18":"purchasable","19":"product-type-simple"},"uagb_featured_image_src":{"full":["https:\/\/axatool.com\/wp-content\/uploads\/2022\/03\/IW-451016-Air-Impact-Wrench.jpg",1000,1000,false],"thumbnail":["https:\/\/axatool.com\/wp-content\/uploads\/2022\/03\/IW-451016-Air-Impact-Wrench-150x150.jpg",150,150,true],"medium":["https:\/\/axatool.com\/wp-content\/uploads\/2022\/03\/IW-451016-Air-Impact-Wrench-300x300.jpg",300,300,true],"medium_large":["https:\/\/axatool.com\/wp-content\/uploads\/2022\/03\/IW-451016-Air-Impact-Wrench-768x768.jpg",768,768,true],"large":["https:\/\/axatool.com\/wp-content\/uploads\/2022\/03\/IW-451016-Air-Impact-Wrench.jpg",1000,1000,false],"1536x1536":["https:\/\/axatool.com\/wp-content\/uploads\/2022\/03\/IW-451016-Air-Impact-Wrench.jpg",1000,1000,false],"2048x2048":["https:\/\/axatool.com\/wp-content\/uploads\/2022\/03\/IW-451016-Air-Impact-Wrench.jpg",1000,1000,false],"trp-custom-language-flag":["https:\/\/axatool.com\/wp-content\/uploads\/2022\/03\/IW-451016-Air-Impact-Wrench.jpg",12,12,false],"qubely_landscape":["https:\/\/axatool.com\/wp-content\/uploads\/2022\/03\/IW-451016-Air-Impact-Wrench-1000x750.jpg",1000,750,true],"qubely_portrait":["https:\/\/axatool.com\/wp-content\/uploads\/2022\/03\/IW-451016-Air-Impact-Wrench-540x320.jpg",540,320,true],"qubely_thumbnail":["https:\/\/axatool.com\/wp-content\/uploads\/2022\/03\/IW-451016-Air-Impact-Wrench-140x100.jpg",140,100,true],"woocommerce_thumbnail":["https:\/\/axatool.com\/wp-content\/uploads\/2022\/03\/IW-451016-Air-Impact-Wrench-300x300.jpg",300,300,true],"woocommerce_single":["https:\/\/axatool.com\/wp-content\/uploads\/2022\/03\/IW-451016-Air-Impact-Wrench-600x600.jpg",600,600,true],"woocommerce_gallery_thumbnail":["https:\/\/axatool.com\/wp-content\/uploads\/2022\/03\/IW-451016-Air-Impact-Wrench-100x100.jpg",100,100,true]},"uagb_author_info":{"display_name":"editor.axatool","author_link":"https:\/\/axatool.com\/es\/author\/"},"uagb_comment_info":0,"uagb_excerpt":"Our company is a well-known manufacturer of premium grade Air Impact Wrench in Taiwan. We have devoted ourselves to serve the clients with our durability, fair price and strong efficiency of Air Impact Wrench. Please feel free to contact us if you are searching for Air Impact Wrench with unique and stylish design.","_links":{"self":[{"href":"https:\/\/axatool.com\/es\/wp-json\/wp\/v2\/product\/3321","targetHints":{"allow":["GET"]}}],"collection":[{"href":"https:\/\/axatool.com\/es\/wp-json\/wp\/v2\/product"}],"about":[{"href":"https:\/\/axatool.com\/es\/wp-json\/wp\/v2\/types\/product"}],"version-history":[{"count":4,"href":"https:\/\/axatool.com\/es\/wp-json\/wp\/v2\/product\/3321\/revisions"}],"predecessor-version":[{"id":3540,"href":"https:\/\/axatool.com\/es\/wp-json\/wp\/v2\/product\/3321\/revisions\/3540"}],"wp:featuredmedia":[{"embeddable":true,"href":"https:\/\/axatool.com\/es\/wp-json\/wp\/v2\/media\/3542"}],"wp:attachment":[{"href":"https:\/\/axatool.com\/es\/wp-json\/wp\/v2\/media?parent=3321"}],"wp:term":[{"taxonomy":"product_brand","embeddable":true,"href":"https:\/\/axatool.com\/es\/wp-json\/wp\/v2\/product_brand?post=3321"},{"taxonomy":"product_cat","embeddable":true,"href":"https:\/\/axatool.com\/es\/wp-json\/wp\/v2\/product_cat?post=3321"},{"taxonomy":"product_tag","embeddable":true,"href":"https:\/\/axatool.com\/es\/wp-json\/wp\/v2\/product_tag?post=3321"}],"curies":[{"name":"wp","href":"https:\/\/api.w.org\/{rel}","templated":true}]}}