{"id":7634,"date":"2022-06-29T02:52:48","date_gmt":"2022-06-29T02:52:48","guid":{"rendered":"https:\/\/axatool.com\/product\/uncategorized\/at-90-high-flow-air-blow-gun\/"},"modified":"2022-06-29T03:30:51","modified_gmt":"2022-06-29T03:30:51","slug":"at-90-high-flow-air-blow-gun","status":"publish","type":"product","link":"https:\/\/axatool.com\/de\/produkt\/at-90-high-flow-air-blow-gun\/","title":{"rendered":"AT-90 Luftblaspistole mit hohem Durchfluss"},"content":{"rendered":"<p>D\u00fcsen unterschiedlicher L\u00e4nge f\u00fcr unterschiedliche Zwecke. Aluminiumgeh\u00e4use leicht und langlebig. Maximaler Durchfluss f\u00fcr einfaches Reinigen und Abblasen selbst der schwersten Sp\u00e4ne und Sp\u00e4ne. Erf\u00fcllt oder \u00fcbertrifft die OSHA-Vorschriften.<\/p>\n<h3>\u2699\ufe0f <strong> Spezifikation<\/strong><\/h3>\n<table id=\"tabs-nav\" class=\"xl756500\" style=\"height: 196px; width: 80.6799%; border-style: double; background-color: #fea500; border-color: #ffffff;\" border=\"10\" width=\"80.6799%\" rules=\"cols\" cellspacing=\"2\" cellpadding=\"5\" bgcolor=\"#FEA500\">\n<tbody>\n<tr style=\"height: 46px;\" valign=\"middle\">\n<td class=\"xl70\" style=\"border-color: #ffffff; height: 50px;\" width=\"30%\">\n<div align=\"left\"><span style=\"color: #000000;\"><strong>Anschlussgr\u00f6\u00dfe <\/strong><\/span><\/div>\n<\/td>\n<td class=\"xl71\" style=\"border-color: #ffffff; height: 47px;\" width=\"324\"><span style=\"color: #000000;\">1\/4&#8243;\u00a0<\/span><\/td>\n<\/tr>\n<tr style=\"height: 46px;\" valign=\"middle\">\n<td class=\"xl70\" style=\"border-color: #ffffff; height: 50px;\" width=\"30%\">\n<div align=\"left\"><span style=\"color: #000000;\"><strong>Nozzle Length <\/strong><\/span><\/div>\n<\/td>\n<td class=\"xl71\" style=\"border-color: #ffffff; height: 54px;\" width=\"324\"><span style=\"color: #000000;\">5 cm (2&#8243;)<\/span><\/td>\n<\/tr>\n<tr style=\"height: 46px;\" valign=\"middle\">\n<td class=\"xl70\" style=\"border-color: #ffffff; height: 50px;\" width=\"30%\">\n<div align=\"left\"><span style=\"color: #000000;\"><strong>Nozzle (O.D) <\/strong><\/span><\/div>\n<\/td>\n<td class=\"xl71\" style=\"border-color: #ffffff; height: 50px;\" width=\"324\"><span style=\"color: #000000;\">\u00d8 8 mm<\/span><\/td>\n<\/tr>\n<tr style=\"height: 45px;\" valign=\"middle\">\n<td class=\"xl70\" style=\"border-color: #ffffff; height: 50px;\" width=\"30%\">\n<div align=\"left\"><span style=\"color: #000000;\"><strong>max. Druck <\/strong><\/span><\/div>\n<\/td>\n<td class=\"xl71\" style=\"border-color: #ffffff; height: 45px;\" width=\"324\"><span style=\"color: #000000;\">213 PSI (15Bar\/1.5MPa)<\/span><\/td>\n<\/tr>\n<\/tbody>\n<\/table>","protected":false},"excerpt":{"rendered":"<p>Unser Unternehmen ist ein bekannter Hersteller von hochwertigem Luftschaum und Blaspistolen in Taiwan.<br \/>\nWir haben uns der Aufgabe verschrieben, den Kunden mit unserer Haltbarkeit, dem fairen Preis und der starken Effizienz von Air Foam und Blaspistolen zu dienen.<br \/>\nBitte z\u00f6gern Sie nicht, uns zu kontaktieren, wenn Sie nach Air Foam und Blaspistolen mit einzigartigem und stilvollem Design suchen.<\/p>","protected":false},"featured_media":7628,"template":"","meta":{"qubely_global_settings":"","qubely_interactions":"","site-sidebar-layout":"default","site-content-layout":"default","ast-global-header-display":"","ast-main-header-display":"","ast-hfb-above-header-display":"","ast-hfb-below-header-display":"","ast-hfb-mobile-header-display":"","site-post-title":"","ast-breadcrumbs-content":"","ast-featured-img":"","footer-sml-layout":"","theme-transparent-header-meta":"","adv-header-id-meta":"","stick-header-meta":"","header-above-stick-meta":"","header-main-stick-meta":"","header-below-stick-meta":""},"product_brand":[],"product_cat":[98],"product_tag":[],"class_list":{"0":"post-7634","1":"product","2":"type-product","3":"status-publish","4":"has-post-thumbnail","6":"product_cat-air-foam-blow-gun","7":"desktop-align-center","8":"tablet-align-center","9":"mobile-align-center","10":"ast-product-gallery-layout-horizontal-slider","11":"ast-product-tabs-layout-horizontal","12":"ast-qv-on-image","14":"first","15":"instock","16":"shipping-taxable","17":"product-type-simple"},"uagb_featured_image_src":{"full":["https:\/\/axatool.com\/wp-content\/uploads\/2022\/06\/AT-90-1High-Flow-Air-Blow-Gun-1000x1000.jpg",1000,1000,false],"thumbnail":["https:\/\/axatool.com\/wp-content\/uploads\/2022\/06\/AT-90-1High-Flow-Air-Blow-Gun-150x150.jpg",150,150,true],"medium":["https:\/\/axatool.com\/wp-content\/uploads\/2022\/06\/AT-90-1High-Flow-Air-Blow-Gun-300x300.jpg",300,300,true],"medium_large":["https:\/\/axatool.com\/wp-content\/uploads\/2022\/06\/AT-90-1High-Flow-Air-Blow-Gun-768x768.jpg",768,768,true],"large":["https:\/\/axatool.com\/wp-content\/uploads\/2022\/06\/AT-90-1High-Flow-Air-Blow-Gun-1000x1000.jpg",1000,1000,false],"1536x1536":["https:\/\/axatool.com\/wp-content\/uploads\/2022\/06\/AT-90-1High-Flow-Air-Blow-Gun-1000x1000.jpg",1000,1000,false],"2048x2048":["https:\/\/axatool.com\/wp-content\/uploads\/2022\/06\/AT-90-1High-Flow-Air-Blow-Gun-1000x1000.jpg",1000,1000,false],"trp-custom-language-flag":["https:\/\/axatool.com\/wp-content\/uploads\/2022\/06\/AT-90-1High-Flow-Air-Blow-Gun-12x12.jpg",12,12,true],"qubely_landscape":["https:\/\/axatool.com\/wp-content\/uploads\/2022\/06\/AT-90-1High-Flow-Air-Blow-Gun-1000x750.jpg",1000,750,true],"qubely_portrait":["https:\/\/axatool.com\/wp-content\/uploads\/2022\/06\/AT-90-1High-Flow-Air-Blow-Gun-540x320.jpg",540,320,true],"qubely_thumbnail":["https:\/\/axatool.com\/wp-content\/uploads\/2022\/06\/AT-90-1High-Flow-Air-Blow-Gun-140x100.jpg",140,100,true],"woocommerce_thumbnail":["https:\/\/axatool.com\/wp-content\/uploads\/2022\/06\/AT-90-1High-Flow-Air-Blow-Gun-300x300.jpg",300,300,true],"woocommerce_single":["https:\/\/axatool.com\/wp-content\/uploads\/2022\/06\/AT-90-1High-Flow-Air-Blow-Gun-600x600.jpg",600,600,true],"woocommerce_gallery_thumbnail":["https:\/\/axatool.com\/wp-content\/uploads\/2022\/06\/AT-90-1High-Flow-Air-Blow-Gun-100x100.jpg",100,100,true]},"uagb_author_info":{"display_name":"editor.axatool","author_link":"https:\/\/axatool.com\/de\/author\/"},"uagb_comment_info":0,"uagb_excerpt":"Our company is a well-known manufacturer of premium grade Air Foam and Blow Gun in Taiwan. We have devoted ourselves to serve the clients with our durability, fair price and strong efficiency of Air Foam and Blow Gun. Please feel free to contact us if you are searching for Air Foam and Blow Gun with&hellip;","_links":{"self":[{"href":"https:\/\/axatool.com\/de\/wp-json\/wp\/v2\/product\/7634","targetHints":{"allow":["GET"]}}],"collection":[{"href":"https:\/\/axatool.com\/de\/wp-json\/wp\/v2\/product"}],"about":[{"href":"https:\/\/axatool.com\/de\/wp-json\/wp\/v2\/types\/product"}],"version-history":[{"count":4,"href":"https:\/\/axatool.com\/de\/wp-json\/wp\/v2\/product\/7634\/revisions"}],"predecessor-version":[{"id":7647,"href":"https:\/\/axatool.com\/de\/wp-json\/wp\/v2\/product\/7634\/revisions\/7647"}],"wp:featuredmedia":[{"embeddable":true,"href":"https:\/\/axatool.com\/de\/wp-json\/wp\/v2\/media\/7628"}],"wp:attachment":[{"href":"https:\/\/axatool.com\/de\/wp-json\/wp\/v2\/media?parent=7634"}],"wp:term":[{"taxonomy":"product_brand","embeddable":true,"href":"https:\/\/axatool.com\/de\/wp-json\/wp\/v2\/product_brand?post=7634"},{"taxonomy":"product_cat","embeddable":true,"href":"https:\/\/axatool.com\/de\/wp-json\/wp\/v2\/product_cat?post=7634"},{"taxonomy":"product_tag","embeddable":true,"href":"https:\/\/axatool.com\/de\/wp-json\/wp\/v2\/product_tag?post=7634"}],"curies":[{"name":"wp","href":"https:\/\/api.w.org\/{rel}","templated":true}]}}