{"id":7444,"date":"2022-06-15T08:24:43","date_gmt":"2022-06-15T08:24:43","guid":{"rendered":"https:\/\/axatool.com\/product\/uncategorized\/ct-527-air-engraving-stylus\/"},"modified":"2022-07-11T08:17:15","modified_gmt":"2022-07-11T08:17:15","slug":"ct-527-air-engraving-stylus","status":"publish","type":"product","link":"https:\/\/axatool.com\/de\/produkt\/ct-527-luftgravurstift\/","title":{"rendered":"CT-527 Luftgravurstift"},"content":{"rendered":"<p>Der Air Engraving Pen wird verwendet, um auf hartem Stahl, Metall, Glas, Steinen, Keramik, Kunststoff usw. zu schreiben. Er ist auch n\u00fctzlich zum Debuggen, um den Schnitt auf dem Schraubenkopf oder gebrochenen Bolzen neu zu formen, um das Entfernen zu erleichtern, und nat\u00fcrlich, um Werkzeuge zu personalisieren und andere Ger\u00e4te in der Werkstatt.<\/p>\n<h3>\u2699\ufe0f <strong> Spezifikation<\/strong><\/h3>\n<table id=\"tabs-nav\" class=\"xl756500\" style=\"height: auto; width: 80.6799%; border-style: double; background-color: #fea500; border-color: #ffffff;\" border=\"10\" width=\"530\" rules=\"cols\" cellspacing=\"2\" cellpadding=\"5\" bgcolor=\"#FEA500\">\n<tbody>\n<tr style=\"height: 46px;\" valign=\"middle\">\n<td class=\"xl66\" style=\"border-color: #ffffff; width: 30%;\" width=\"30%\">\n<div align=\"left\"><span style=\"color: #000000;\"><strong>Vibrationsfrequenz <\/strong><\/span><\/div>\n<\/td>\n<td class=\"xl67\" style=\"border-color: #ffffff;\" width=\"316\"><span style=\"color: #000000;\">11.400 U\/min<\/span><\/td>\n<\/tr>\n<tr style=\"height: 46px;\" valign=\"middle\">\n<td class=\"xl66\" style=\"border-color: #ffffff; width: 30%;\" width=\"30%\">\n<div align=\"left\"><span style=\"color: #000000;\"><strong>Durchschn. Klimaanlage <\/strong><\/span><\/div>\n<\/td>\n<td class=\"xl67\" style=\"border-color: #ffffff;\"><span style=\"color: #000000;\">2 CFM (56,6 l\/min)<\/span><\/td>\n<\/tr>\n<tr style=\"height: 46px;\" valign=\"middle\">\n<td class=\"xl66\" style=\"border-color: #ffffff; width: 30%;\" width=\"30%\">\n<div align=\"left\"><span style=\"color: #000000;\"><strong>Luftdruck <\/strong><\/span><\/div>\n<\/td>\n<td class=\"xl67\" style=\"border-color: #ffffff;\"><span style=\"color: #000000;\">90 psi (6,2 bar)<\/span><\/td>\n<\/tr>\n<tr style=\"height: 45px;\" valign=\"middle\">\n<td class=\"xl66\" style=\"border-color: #ffffff; width: 30%;\" width=\"30%\">\n<div align=\"left\"><span style=\"color: #000000;\"><strong>Nettogewicht <\/strong><\/span><\/div>\n<\/td>\n<td class=\"xl67\" style=\"border-color: #ffffff;\"><span style=\"color: #000000;\">0,19 kg (0,42 Pfund)<\/span><\/td>\n<\/tr>\n<tr style=\"height: 46px;\" valign=\"middle\">\n<td class=\"xl66\" style=\"border-color: #ffffff; width: 30%;\" width=\"30%\">\n<div align=\"left\"><span style=\"color: #000000;\"><strong>Gesamtl\u00e4nge <\/strong><\/span><\/div>\n<\/td>\n<td class=\"xl67\" style=\"border-color: #ffffff;\"><span style=\"color: #000000;\">169mm<\/span><\/td>\n<\/tr>\n<tr style=\"height: 46px;\" valign=\"middle\">\n<td class=\"xl66\" style=\"border-color: #ffffff; width: 30%;\" width=\"30%\">\n<div align=\"left\"><span style=\"color: #000000;\"><strong>Werkzeugdurchmesser <\/strong><\/span><\/div>\n<\/td>\n<td class=\"xl67\" style=\"border-color: #ffffff;\"><span style=\"color: #000000;\">16mm<\/span><\/td>\n<\/tr>\n<tr style=\"height: 46px;\" valign=\"middle\">\n<td class=\"xl66\" style=\"border-color: #ffffff; width: 30%;\" width=\"30%\">\n<div align=\"left\"><span style=\"color: #000000;\"><strong>Lufteinlass <\/strong><\/span><\/div>\n<\/td>\n<td class=\"xl67\" style=\"border-color: #ffffff;\"><span style=\"color: #000000;\">1\/4&#8243;<\/span><\/td>\n<\/tr>\n<tr style=\"height: 46px;\" valign=\"middle\">\n<td class=\"xl68\" style=\"border-color: #ffffff; width: 30%;\" width=\"30%\">\n<div align=\"left\"><span style=\"color: #000000;\"><strong>Luftschlauch ID <\/strong><\/span><\/div>\n<\/td>\n<td class=\"xl67\" style=\"border-color: #ffffff;\"><span style=\"color: #000000;\">1\/4\u2033 (6,5mm)<\/span><\/td>\n<\/tr>\n<tr style=\"height: 46px;\" valign=\"middle\">\n<td class=\"xl68\" style=\"border-color: #ffffff; width: 30%;\" width=\"30%\">\n<div align=\"left\"><span style=\"color: #000000;\"><strong>Verpackung <\/strong><\/span><\/div>\n<\/td>\n<td class=\"xl66\" style=\"border-color: #ffffff;\"><span style=\"color: #000000;\">30 St\u00fcck\/ctn\/1,6 cu-ft\/GW: 11 kg<\/span><\/td>\n<\/tr>\n<\/tbody>\n<\/table>","protected":false},"excerpt":{"rendered":"<p>Unser Unternehmen ist spezialisiert auf die Herstellung, Lieferung und den Export von Lufth\u00e4mmern f\u00fcr das Schnitzen \/ Gravieren von Stein, Granit, Marmor (Lufth\u00e4mmer f\u00fcr das Gravieren von Stein, Granit, Marmor). Alle unsere Luftwerkzeuge f\u00fcr die Steinindustrie sind 100% hergestellt in Taiwan.<\/p>","protected":false},"featured_media":7432,"template":"","meta":{"qubely_global_settings":"","qubely_interactions":"","site-sidebar-layout":"default","site-content-layout":"default","ast-global-header-display":"","ast-main-header-display":"","ast-hfb-above-header-display":"","ast-hfb-below-header-display":"","ast-hfb-mobile-header-display":"","site-post-title":"","ast-breadcrumbs-content":"","ast-featured-img":"","footer-sml-layout":"","theme-transparent-header-meta":"","adv-header-id-meta":"","stick-header-meta":"","header-above-stick-meta":"","header-main-stick-meta":"","header-below-stick-meta":""},"product_brand":[],"product_cat":[93,68],"product_tag":[],"class_list":{"0":"post-7444","1":"product","2":"type-product","3":"status-publish","4":"has-post-thumbnail","6":"product_cat-stone-clamp-other-tools","7":"product_cat-wet-air-tools-for-stone-granite","8":"desktop-align-center","9":"tablet-align-center","10":"mobile-align-center","11":"ast-product-gallery-layout-horizontal-slider","12":"ast-product-gallery-with-no-image","13":"ast-product-tabs-layout-horizontal","14":"ast-qv-on-image","16":"first","17":"instock","18":"shipping-taxable","19":"purchasable","20":"product-type-simple"},"uagb_featured_image_src":{"full":["https:\/\/axatool.com\/wp-content\/uploads\/2022\/06\/CT-527-1Air-Engraving-Stylus-1000x1000.jpg",1000,1000,false],"thumbnail":["https:\/\/axatool.com\/wp-content\/uploads\/2022\/06\/CT-527-1Air-Engraving-Stylus-150x150.jpg",150,150,true],"medium":["https:\/\/axatool.com\/wp-content\/uploads\/2022\/06\/CT-527-1Air-Engraving-Stylus-300x300.jpg",300,300,true],"medium_large":["https:\/\/axatool.com\/wp-content\/uploads\/2022\/06\/CT-527-1Air-Engraving-Stylus-768x768.jpg",768,768,true],"large":["https:\/\/axatool.com\/wp-content\/uploads\/2022\/06\/CT-527-1Air-Engraving-Stylus-1000x1000.jpg",1000,1000,false],"1536x1536":["https:\/\/axatool.com\/wp-content\/uploads\/2022\/06\/CT-527-1Air-Engraving-Stylus-1000x1000.jpg",1000,1000,false],"2048x2048":["https:\/\/axatool.com\/wp-content\/uploads\/2022\/06\/CT-527-1Air-Engraving-Stylus-1000x1000.jpg",1000,1000,false],"trp-custom-language-flag":["https:\/\/axatool.com\/wp-content\/uploads\/2022\/06\/CT-527-1Air-Engraving-Stylus-12x12.jpg",12,12,true],"qubely_landscape":["https:\/\/axatool.com\/wp-content\/uploads\/2022\/06\/CT-527-1Air-Engraving-Stylus-1000x750.jpg",1000,750,true],"qubely_portrait":["https:\/\/axatool.com\/wp-content\/uploads\/2022\/06\/CT-527-1Air-Engraving-Stylus-540x320.jpg",540,320,true],"qubely_thumbnail":["https:\/\/axatool.com\/wp-content\/uploads\/2022\/06\/CT-527-1Air-Engraving-Stylus-140x100.jpg",140,100,true],"woocommerce_thumbnail":["https:\/\/axatool.com\/wp-content\/uploads\/2022\/06\/CT-527-1Air-Engraving-Stylus-300x300.jpg",300,300,true],"woocommerce_single":["https:\/\/axatool.com\/wp-content\/uploads\/2022\/06\/CT-527-1Air-Engraving-Stylus-600x600.jpg",600,600,true],"woocommerce_gallery_thumbnail":["https:\/\/axatool.com\/wp-content\/uploads\/2022\/06\/CT-527-1Air-Engraving-Stylus-100x100.jpg",100,100,true]},"uagb_author_info":{"display_name":"editor.axatool","author_link":"https:\/\/axatool.com\/de\/author\/"},"uagb_comment_info":0,"uagb_excerpt":"Our company specializes in manufacturing, supplying and exporting Air hammers for Stone, Granite, Marble carving \/ engraving (pneumatic Hammers for Stone,Granite,Marble Engraving), with a factory established in 1994 in Taiwan, all our Air Tools for stone industry are 100% made in TAIWAN.","_links":{"self":[{"href":"https:\/\/axatool.com\/de\/wp-json\/wp\/v2\/product\/7444","targetHints":{"allow":["GET"]}}],"collection":[{"href":"https:\/\/axatool.com\/de\/wp-json\/wp\/v2\/product"}],"about":[{"href":"https:\/\/axatool.com\/de\/wp-json\/wp\/v2\/types\/product"}],"version-history":[{"count":2,"href":"https:\/\/axatool.com\/de\/wp-json\/wp\/v2\/product\/7444\/revisions"}],"predecessor-version":[{"id":7704,"href":"https:\/\/axatool.com\/de\/wp-json\/wp\/v2\/product\/7444\/revisions\/7704"}],"wp:featuredmedia":[{"embeddable":true,"href":"https:\/\/axatool.com\/de\/wp-json\/wp\/v2\/media\/7432"}],"wp:attachment":[{"href":"https:\/\/axatool.com\/de\/wp-json\/wp\/v2\/media?parent=7444"}],"wp:term":[{"taxonomy":"product_brand","embeddable":true,"href":"https:\/\/axatool.com\/de\/wp-json\/wp\/v2\/product_brand?post=7444"},{"taxonomy":"product_cat","embeddable":true,"href":"https:\/\/axatool.com\/de\/wp-json\/wp\/v2\/product_cat?post=7444"},{"taxonomy":"product_tag","embeddable":true,"href":"https:\/\/axatool.com\/de\/wp-json\/wp\/v2\/product_tag?post=7444"}],"curies":[{"name":"wp","href":"https:\/\/api.w.org\/{rel}","templated":true}]}}