{"id":5909,"date":"2022-05-23T02:58:34","date_gmt":"2022-05-23T02:58:34","guid":{"rendered":"https:\/\/axatool.com\/product\/uncategorized\/ad-339m-1-2-heavy-duty-reversible-drill\/"},"modified":"2022-06-01T03:58:56","modified_gmt":"2022-06-01T03:58:56","slug":"ad-339m-1-2-heavy-duty-reversible-drill","status":"publish","type":"product","link":"https:\/\/axatool.com\/de\/produkt\/ad-339m-1-2-heavy-duty-reversible-drill\/","title":{"rendered":"AD-339M 1\/2\u2033 Hochleistungs-Wendebohrer mit Schnellspannbohrfutter"},"content":{"rendered":"<ul>\n<li>Vollst\u00e4ndig polierte Oberfl\u00e4che mit Auspuff durch die Griffbasis f\u00fcr reduzierte Ger\u00e4uschemission.<\/li>\n<li>Die Einheit verf\u00fcgt \u00fcber eine einger\u00fcckte Doppelzahnrad-Antriebsbaugruppe.<\/li>\n<li>Der Rotor l\u00e4uft auf hochwertigen Kugellagern f\u00fcr lange Lebensdauer und Zuverl\u00e4ssigkeit.<\/li>\n<li>Vollst\u00e4ndig reversibler Antrieb mit Fingerspitzensteuerung \u00fcber dem Abzug.<\/li>\n<li>Der konturierte Softgrip-Griff bietet zus\u00e4tzlichen Komfort und Kontrolle.<\/li>\n<\/ul>\n<h3>\u2699\ufe0f <strong> Spezifikation<\/strong><\/h3>\n<table id=\"tabs-nav\" class=\"xl756500\" style=\"height: 544px; width: 80.6799%; border-style: double; background-color: #fea500; border-color: #ffffff;\" border=\"10\" width=\"545\" rules=\"cols\" cellspacing=\"2\" cellpadding=\"5\" bgcolor=\"#FEA500\">\n<tbody>\n<tr style=\"height: 46px;\" valign=\"middle\">\n<td class=\"xl73\" style=\"border-color: #ffffff;\" width=\"194\">\n<div align=\"left\"><span style=\"color: #000000;\"><strong>Getriebe <\/strong><\/span><\/div>\n<\/td>\n<td class=\"xl77\" style=\"border-color: #ffffff;\" width=\"284\"><span style=\"color: #000000;\">Planetengetriebe<\/span><\/td>\n<\/tr>\n<tr style=\"height: 46px;\" valign=\"middle\">\n<td class=\"xl72\" style=\"border-color: #ffffff;\">\n<div align=\"left\"><span style=\"color: #000000;\"><strong>Futterkapazit\u00e4t <\/strong><\/span><\/div>\n<\/td>\n<td class=\"xl77\" style=\"border-color: #ffffff;\"><span style=\"color: #000000;\">1\/2\u2033 (13mm)<\/span><\/td>\n<\/tr>\n<tr style=\"height: 46px;\" valign=\"middle\">\n<td class=\"xl70\" style=\"border-color: #ffffff;\">\n<div align=\"left\"><span style=\"color: #000000;\"><strong>Freie Geschwindigkeit <\/strong><\/span><\/div>\n<\/td>\n<td class=\"xl74\" style=\"border-color: #ffffff;\"><span style=\"color: #000000;\">700 U\/min<\/span><\/td>\n<\/tr>\n<tr style=\"height: 45px;\" valign=\"middle\">\n<td class=\"xl70\" style=\"border-color: #ffffff;\">\n<div align=\"left\"><span style=\"color: #000000;\"><strong>Durchschn. Klimaanlage <\/strong><\/span><\/div>\n<\/td>\n<td class=\"xl73\" style=\"border-color: #ffffff;\"><span style=\"color: #000000;\">6 CFM (169,9 l\/min)<\/span><\/td>\n<\/tr>\n<tr style=\"height: 46px;\" valign=\"middle\">\n<td class=\"xl74\" style=\"border-color: #ffffff;\">\n<div align=\"left\"><span style=\"color: #000000;\"><strong>Luftdruck <\/strong><\/span><\/div>\n<\/td>\n<td class=\"xl71\" style=\"border-color: #ffffff;\"><span style=\"color: #000000;\">90 psi (6,2 bar)<\/span><\/td>\n<\/tr>\n<tr style=\"height: 46px;\" valign=\"middle\">\n<td class=\"xl70\" style=\"border-color: #ffffff;\">\n<div align=\"left\"><span style=\"color: #000000;\"><strong>Nettogewicht <\/strong><\/span><\/div>\n<\/td>\n<td class=\"xl73\" style=\"border-color: #ffffff;\"><span style=\"color: #000000;\">1,55 kg (3,41 Pfund)<\/span><\/td>\n<\/tr>\n<tr style=\"height: 46px;\" valign=\"middle\">\n<td class=\"xl78\" style=\"border-color: #ffffff;\">\n<div align=\"left\"><span style=\"color: #000000;\"><strong>Gesamtl\u00e4nge <\/strong><\/span><\/div>\n<\/td>\n<td class=\"xl74\" style=\"border-color: #ffffff;\"><span style=\"color: #000000;\">202mm (7.95\u2033)<\/span><\/td>\n<\/tr>\n<tr style=\"height: 46px;\" valign=\"middle\">\n<td class=\"xl70\" style=\"border-color: #ffffff;\">\n<div align=\"left\"><span style=\"color: #000000;\"><strong>Lufteinlass <\/strong><\/span><\/div>\n<\/td>\n<td class=\"xl74\" style=\"border-color: #ffffff;\"><span style=\"color: #000000;\">1\/4&#8243;<\/span><\/td>\n<\/tr>\n<tr style=\"height: 46px;\" valign=\"middle\">\n<td class=\"xl70\" style=\"border-color: #ffffff;\">\n<div align=\"left\"><span style=\"color: #000000;\"><strong>Luftschlauch ID <\/strong><\/span><\/div>\n<\/td>\n<td class=\"xl74\" style=\"border-color: #ffffff;\"><span style=\"color: #000000;\">3\/8&#8243;<\/span><\/td>\n<\/tr>\n<tr style=\"height: 46px;\" valign=\"middle\">\n<td class=\"xl72\" style=\"border-color: #ffffff;\">\n<div align=\"left\"><span style=\"color: #000000;\"><strong>Schalldruck <\/strong><\/span><\/div>\n<\/td>\n<td class=\"xl74\" style=\"border-color: #ffffff;\"><span style=\"color: #000000;\">88,7dB(A)<\/span><\/td>\n<\/tr>\n<tr style=\"height: 46px;\" valign=\"middle\">\n<td class=\"xl70\" style=\"border-color: #ffffff;\">\n<div align=\"left\"><span style=\"color: #000000;\"><strong>Vibrationspegel <\/strong><\/span><\/div>\n<\/td>\n<td class=\"xl74\" style=\"border-color: #ffffff;\"><span style=\"color: #000000;\">1,67 m\/s\u00b2<\/span><\/td>\n<\/tr>\n<\/tbody>\n<\/table>","protected":false},"excerpt":{"rendered":"<p>Unser Unternehmen ist ein bekannter Hersteller von Druckluftbohrern in Premiumqualit\u00e4t in Taiwan.<br \/>\nWir haben es uns zur Aufgabe gemacht, den Kunden mit unserer Langlebigkeit, unserem fairen Preis und der starken Effizienz des Luftbohrers zu dienen.<br \/>\nBitte z\u00f6gern Sie nicht, uns zu kontaktieren, wenn Sie nach Luftbohrern mit einzigartigem und stilvollem Design suchen.<\/p>","protected":false},"featured_media":5624,"template":"","meta":{"qubely_global_settings":"","qubely_interactions":"","site-sidebar-layout":"default","site-content-layout":"default","ast-global-header-display":"","ast-main-header-display":"","ast-hfb-above-header-display":"","ast-hfb-below-header-display":"","ast-hfb-mobile-header-display":"","site-post-title":"","ast-breadcrumbs-content":"","ast-featured-img":"","footer-sml-layout":"","theme-transparent-header-meta":"","adv-header-id-meta":"","stick-header-meta":"","header-above-stick-meta":"","header-main-stick-meta":"","header-below-stick-meta":""},"product_brand":[],"product_cat":[74],"product_tag":[],"class_list":{"0":"post-5909","1":"product","2":"type-product","3":"status-publish","4":"has-post-thumbnail","6":"product_cat-air-drill","7":"desktop-align-center","8":"tablet-align-center","9":"mobile-align-center","10":"ast-product-gallery-layout-horizontal-slider","11":"ast-product-tabs-layout-horizontal","12":"ast-qv-on-image","14":"first","15":"instock","16":"shipping-taxable","17":"purchasable","18":"product-type-simple"},"uagb_featured_image_src":{"full":["https:\/\/axatool.com\/wp-content\/uploads\/2022\/05\/AD-339M-1Heavy-Duty-Reversible-Drill-1000x1000.jpg",1000,1000,false],"thumbnail":["https:\/\/axatool.com\/wp-content\/uploads\/2022\/05\/AD-339M-1Heavy-Duty-Reversible-Drill-150x150.jpg",150,150,true],"medium":["https:\/\/axatool.com\/wp-content\/uploads\/2022\/05\/AD-339M-1Heavy-Duty-Reversible-Drill-300x300.jpg",300,300,true],"medium_large":["https:\/\/axatool.com\/wp-content\/uploads\/2022\/05\/AD-339M-1Heavy-Duty-Reversible-Drill-768x768.jpg",768,768,true],"large":["https:\/\/axatool.com\/wp-content\/uploads\/2022\/05\/AD-339M-1Heavy-Duty-Reversible-Drill-1000x1000.jpg",1000,1000,false],"1536x1536":["https:\/\/axatool.com\/wp-content\/uploads\/2022\/05\/AD-339M-1Heavy-Duty-Reversible-Drill-1000x1000.jpg",1000,1000,false],"2048x2048":["https:\/\/axatool.com\/wp-content\/uploads\/2022\/05\/AD-339M-1Heavy-Duty-Reversible-Drill-1000x1000.jpg",1000,1000,false],"trp-custom-language-flag":["https:\/\/axatool.com\/wp-content\/uploads\/2022\/05\/AD-339M-1Heavy-Duty-Reversible-Drill-12x12.jpg",12,12,true],"qubely_landscape":["https:\/\/axatool.com\/wp-content\/uploads\/2022\/05\/AD-339M-1Heavy-Duty-Reversible-Drill-1000x750.jpg",1000,750,true],"qubely_portrait":["https:\/\/axatool.com\/wp-content\/uploads\/2022\/05\/AD-339M-1Heavy-Duty-Reversible-Drill-540x320.jpg",540,320,true],"qubely_thumbnail":["https:\/\/axatool.com\/wp-content\/uploads\/2022\/05\/AD-339M-1Heavy-Duty-Reversible-Drill-140x100.jpg",140,100,true],"woocommerce_thumbnail":["https:\/\/axatool.com\/wp-content\/uploads\/2022\/05\/AD-339M-1Heavy-Duty-Reversible-Drill-300x300.jpg",300,300,true],"woocommerce_single":["https:\/\/axatool.com\/wp-content\/uploads\/2022\/05\/AD-339M-1Heavy-Duty-Reversible-Drill-600x600.jpg",600,600,true],"woocommerce_gallery_thumbnail":["https:\/\/axatool.com\/wp-content\/uploads\/2022\/05\/AD-339M-1Heavy-Duty-Reversible-Drill-100x100.jpg",100,100,true]},"uagb_author_info":{"display_name":"editor.axatool","author_link":"https:\/\/axatool.com\/de\/author\/"},"uagb_comment_info":0,"uagb_excerpt":"Our Company Is A Well-Known Manufacturer Of Premium Grade Air Drill In Taiwan. We Have Devoted Ourselves To Serve The Clients With Our Durability, Fair Price And Strong Efficiency Of Air Drill. Please Feel Free To Contact Us If You Are Searching For Air Drill With Unique And Stylish Design.","_links":{"self":[{"href":"https:\/\/axatool.com\/de\/wp-json\/wp\/v2\/product\/5909","targetHints":{"allow":["GET"]}}],"collection":[{"href":"https:\/\/axatool.com\/de\/wp-json\/wp\/v2\/product"}],"about":[{"href":"https:\/\/axatool.com\/de\/wp-json\/wp\/v2\/types\/product"}],"version-history":[{"count":2,"href":"https:\/\/axatool.com\/de\/wp-json\/wp\/v2\/product\/5909\/revisions"}],"predecessor-version":[{"id":5956,"href":"https:\/\/axatool.com\/de\/wp-json\/wp\/v2\/product\/5909\/revisions\/5956"}],"wp:featuredmedia":[{"embeddable":true,"href":"https:\/\/axatool.com\/de\/wp-json\/wp\/v2\/media\/5624"}],"wp:attachment":[{"href":"https:\/\/axatool.com\/de\/wp-json\/wp\/v2\/media?parent=5909"}],"wp:term":[{"taxonomy":"product_brand","embeddable":true,"href":"https:\/\/axatool.com\/de\/wp-json\/wp\/v2\/product_brand?post=5909"},{"taxonomy":"product_cat","embeddable":true,"href":"https:\/\/axatool.com\/de\/wp-json\/wp\/v2\/product_cat?post=5909"},{"taxonomy":"product_tag","embeddable":true,"href":"https:\/\/axatool.com\/de\/wp-json\/wp\/v2\/product_tag?post=5909"}],"curies":[{"name":"wp","href":"https:\/\/api.w.org\/{rel}","templated":true}]}}