{"id":5073,"date":"2022-05-03T02:20:18","date_gmt":"2022-05-03T02:20:18","guid":{"rendered":"https:\/\/axatool.com\/product\/uncategorized\/hr-200k-air-hydraulic-riveter-kit\/"},"modified":"2022-06-01T05:01:55","modified_gmt":"2022-06-01T05:01:55","slug":"hr-200k-3-16-air-hydraulic-riveter-kit","status":"publish","type":"product","link":"https:\/\/axatool.com\/de\/produkt\/hr-200k-3-16-air-hydraulic-riveter-kit\/","title":{"rendered":"HR-200K 3\/16\u2033 Lufthydraulischer Nietsatz"},"content":{"rendered":"<p>Diese leistungsstarke lufthydraulische Nietmaschine ist schnell und robust genug f\u00fcr Produktionsarbeiten. Die Nasenst\u00fccke des Luftnieters sind aus verchromtem Stahl f\u00fcr maximale Haltbarkeit hergestellt. Zu den Merkmalen geh\u00f6ren eine Sicherheitskappe zum Auffangen verbrauchter Nietstifte und ein Entl\u00fcftungsventil, um eine \u00dcberlastung zu verhindern.<\/p>\n<h3>\u2699\ufe0f <strong> Spezifikation<\/strong><\/h3>\n<table id=\"tabs-nav\" class=\"xl756500\" style=\"height: 544px; width: 80.6799%; border-style: double; background-color: #fea500; border-color: #ffffff;\" border=\"10\" width=\"517\" rules=\"cols\" cellspacing=\"2\" cellpadding=\"5\" bgcolor=\"#FEA500\">\n<tbody>\n<tr style=\"height: 46px;\" valign=\"middle\">\n<td class=\"xl75\" style=\"border-color: #ffffff;\" width=\"177\">\n<div align=\"left\"><span style=\"color: #000000;\"><strong>Nietkapazit\u00e4t <\/strong><\/span><\/div>\n<\/td>\n<td class=\"xl72\" style=\"border-color: #ffffff;\" width=\"359\"><span style=\"color: #000000;\">2.4 ~ 6.4 mm (Steel) \/ 3\/32&#8243; ~ 1\/4&#8243;<\/span><\/td>\n<\/tr>\n<tr style=\"height: 46px;\" valign=\"middle\">\n<td class=\"xl75\" style=\"border-color: #ffffff;\">\n<div align=\"left\"><span style=\"color: #000000;\"><strong>Zugkraft <\/strong><\/span><\/div>\n<\/td>\n<td class=\"xl72\" style=\"border-color: #ffffff;\"><span style=\"color: #000000;\">1,894 Kgs (4,166 lbs)<\/span><\/td>\n<\/tr>\n<tr style=\"height: 46px;\" valign=\"middle\">\n<td class=\"xl75\" style=\"border-color: #ffffff;\">\n<div align=\"left\"><span style=\"color: #000000;\"><strong>Strichl\u00e4nge <\/strong><\/span><\/div>\n<\/td>\n<td class=\"xl72\" style=\"border-color: #ffffff;\"><span style=\"color: #000000;\">19 mm<\/span><\/td>\n<\/tr>\n<tr style=\"height: 45px;\" valign=\"middle\">\n<td class=\"xl75\" style=\"border-color: #ffffff;\">\n<div align=\"left\"><span style=\"color: #000000;\"><strong>Nasenst\u00fccke <\/strong><\/span><\/div>\n<\/td>\n<td class=\"xl72\" style=\"border-color: #ffffff;\"><span style=\"color: #000000;\">2.4, 3.2, 4.0, 4.8, 6.4 mm<\/span><\/td>\n<\/tr>\n<tr style=\"height: 46px;\" valign=\"middle\">\n<td class=\"xl75\" style=\"border-color: #ffffff;\">\n<div align=\"left\"><span style=\"color: #000000;\"><strong>Durchschn. Klimaanlage <\/strong><\/span><\/div>\n<\/td>\n<td class=\"xl72\" style=\"border-color: #ffffff;\"><span style=\"color: #000000;\">4.2 CFM (148 l\/min)<\/span><\/td>\n<\/tr>\n<tr style=\"height: 46px;\" valign=\"middle\">\n<td class=\"xl75\" style=\"border-color: #ffffff;\">\n<div align=\"left\"><span style=\"color: #000000;\"><strong>Luftdruck <\/strong><\/span><\/div>\n<\/td>\n<td class=\"xl71\" style=\"border-color: #ffffff;\"><span style=\"color: #000000;\">80 ~ 100 PSI<\/span><\/td>\n<\/tr>\n<tr style=\"height: 46px;\" valign=\"middle\">\n<td class=\"xl75\" style=\"border-color: #ffffff;\">\n<div align=\"left\"><span style=\"color: #000000;\"><strong>Nettogewicht <\/strong><\/span><\/div>\n<\/td>\n<td class=\"xl72\" style=\"border-color: #ffffff;\"><span style=\"color: #000000;\">2.0 Kgs (4.3 lbs)<\/span><\/td>\n<\/tr>\n<tr style=\"height: 46px;\" valign=\"middle\">\n<td class=\"xl75\" style=\"border-color: #ffffff;\">\n<div align=\"left\"><span style=\"color: #000000;\"><strong>Gesamtl\u00e4nge <\/strong><\/span><\/div>\n<\/td>\n<td class=\"xl72\" style=\"border-color: #ffffff;\"><span style=\"color: #000000;\">L280 \u00d7 H330 \u00d7 D102 mm<\/span><\/td>\n<\/tr>\n<tr style=\"height: 46px;\" valign=\"middle\">\n<td class=\"xl75\" style=\"border-color: #ffffff;\">\n<div align=\"left\"><span style=\"color: #000000;\"><strong>Lufteinlass <\/strong><\/span><\/div>\n<\/td>\n<td class=\"xl72\" style=\"border-color: #ffffff;\"><span style=\"color: #000000;\">1\/4&#8243;<\/span><\/td>\n<\/tr>\n<tr style=\"height: 46px;\" valign=\"middle\">\n<td class=\"xl75\" style=\"border-color: #ffffff;\">\n<div align=\"left\"><span style=\"color: #000000;\"><strong>Luftschlauch ID <\/strong><\/span><\/div>\n<\/td>\n<td class=\"xl73\" style=\"border-color: #ffffff;\"><span style=\"color: #000000;\">3\/8\u2033 (10 mm)<\/span><\/td>\n<\/tr>\n<tr style=\"height: 46px;\" valign=\"middle\">\n<td class=\"xl76\" style=\"border-color: #ffffff;\">\n<div align=\"left\"><span style=\"color: #000000;\"><strong>Verpackung <\/strong><\/span><\/div>\n<\/td>\n<td class=\"xl74\" style=\"border-color: #ffffff;\"><span style=\"color: #000000;\">6pcs\/ctn\/2.03cu-ft\/GW:17kg<\/span><\/td>\n<\/tr>\n<tr style=\"height: 46px;\" valign=\"middle\">\n<td class=\"xl75\" style=\"border-color: #ffffff;\">\n<div align=\"left\"><span style=\"color: #000000;\"><strong>Acceptable rivet material <\/strong><\/span><\/div>\n<\/td>\n<td class=\"xl70\" style=\"border-color: #ffffff;\"><span style=\"color: #000000;\">aluminum\/steel\/stainless<\/span><\/td>\n<\/tr>\n<\/tbody>\n<\/table>\n<h3>\u2699\ufe0f <strong> Contents<\/strong><\/h3>\n<ul>\n<li>1 \u00d7 HR-200 Air Hydraulic Riveter<\/li>\n<li>1 \u00d7 Oil Pot<\/li>\n<li>1 \u00d7 Air Nipple<\/li>\n<li>1 \u00d7 Wrench<\/li>\n<li>1 \u00d7 Gauge<\/li>\n<li>3 \u00d7 Nose Pieces<\/li>\n<li>1 \u00d7 Turn Up Set<\/li>\n<li>1 \u00d7 Spare Pushing Spring<\/li>\n<li>1 \u00d7 Spare Jaw Set<\/li>\n<li>1 \u00d7 Blow Mold Case<\/li>\n<\/ul>","protected":false},"excerpt":{"rendered":"<p>Unser Unternehmen ist ein bekannter Hersteller von hochwertigen lufthydraulischen Nietmaschinen in Taiwan.<br \/>\nWir haben uns verpflichtet, den Kunden mit unserer Haltbarkeit, dem fairen Preis und der starken Effizienz der lufthydraulischen Nietmaschine zu dienen.<br \/>\nBitte z\u00f6gern Sie nicht, uns zu kontaktieren, wenn Sie nach einem lufthydraulischen Nietger\u00e4t mit einzigartigem und stilvollem Design suchen.<\/p>","protected":false},"featured_media":5001,"template":"","meta":{"qubely_global_settings":"","qubely_interactions":"","site-sidebar-layout":"default","site-content-layout":"default","ast-global-header-display":"","ast-main-header-display":"","ast-hfb-above-header-display":"","ast-hfb-below-header-display":"","ast-hfb-mobile-header-display":"","site-post-title":"","ast-breadcrumbs-content":"","ast-featured-img":"","footer-sml-layout":"","theme-transparent-header-meta":"","adv-header-id-meta":"","stick-header-meta":"","header-above-stick-meta":"","header-main-stick-meta":"","header-below-stick-meta":""},"product_brand":[],"product_cat":[76],"product_tag":[],"class_list":{"0":"post-5073","1":"product","2":"type-product","3":"status-publish","4":"has-post-thumbnail","6":"product_cat-air-hydraulic-riveter","7":"desktop-align-center","8":"tablet-align-center","9":"mobile-align-center","10":"ast-product-gallery-layout-horizontal-slider","11":"ast-product-tabs-layout-horizontal","12":"ast-qv-on-image","14":"first","15":"instock","16":"shipping-taxable","17":"purchasable","18":"product-type-simple"},"uagb_featured_image_src":{"full":["https:\/\/axatool.com\/wp-content\/uploads\/2022\/05\/HR-200K-1Air-Hydraulic-Riveter-Kit-1000x1000.jpg",1000,1000,false],"thumbnail":["https:\/\/axatool.com\/wp-content\/uploads\/2022\/05\/HR-200K-1Air-Hydraulic-Riveter-Kit-150x150.jpg",150,150,true],"medium":["https:\/\/axatool.com\/wp-content\/uploads\/2022\/05\/HR-200K-1Air-Hydraulic-Riveter-Kit-300x300.jpg",300,300,true],"medium_large":["https:\/\/axatool.com\/wp-content\/uploads\/2022\/05\/HR-200K-1Air-Hydraulic-Riveter-Kit-768x768.jpg",768,768,true],"large":["https:\/\/axatool.com\/wp-content\/uploads\/2022\/05\/HR-200K-1Air-Hydraulic-Riveter-Kit-1000x1000.jpg",1000,1000,false],"1536x1536":["https:\/\/axatool.com\/wp-content\/uploads\/2022\/05\/HR-200K-1Air-Hydraulic-Riveter-Kit-1000x1000.jpg",1000,1000,false],"2048x2048":["https:\/\/axatool.com\/wp-content\/uploads\/2022\/05\/HR-200K-1Air-Hydraulic-Riveter-Kit-1000x1000.jpg",1000,1000,false],"trp-custom-language-flag":["https:\/\/axatool.com\/wp-content\/uploads\/2022\/05\/HR-200K-1Air-Hydraulic-Riveter-Kit-12x12.jpg",12,12,true],"qubely_landscape":["https:\/\/axatool.com\/wp-content\/uploads\/2022\/05\/HR-200K-1Air-Hydraulic-Riveter-Kit-1000x750.jpg",1000,750,true],"qubely_portrait":["https:\/\/axatool.com\/wp-content\/uploads\/2022\/05\/HR-200K-1Air-Hydraulic-Riveter-Kit-540x320.jpg",540,320,true],"qubely_thumbnail":["https:\/\/axatool.com\/wp-content\/uploads\/2022\/05\/HR-200K-1Air-Hydraulic-Riveter-Kit-140x100.jpg",140,100,true],"woocommerce_thumbnail":["https:\/\/axatool.com\/wp-content\/uploads\/2022\/05\/HR-200K-1Air-Hydraulic-Riveter-Kit-300x300.jpg",300,300,true],"woocommerce_single":["https:\/\/axatool.com\/wp-content\/uploads\/2022\/05\/HR-200K-1Air-Hydraulic-Riveter-Kit-600x600.jpg",600,600,true],"woocommerce_gallery_thumbnail":["https:\/\/axatool.com\/wp-content\/uploads\/2022\/05\/HR-200K-1Air-Hydraulic-Riveter-Kit-100x100.jpg",100,100,true]},"uagb_author_info":{"display_name":"editor.axatool","author_link":"https:\/\/axatool.com\/de\/author\/"},"uagb_comment_info":0,"uagb_excerpt":"Our Company Is A Well-Known Manufacturer Of Premium Grade Air Hydraulic Riveter In Taiwan. we Have Devoted Ourselves To Serve The Clients With Our Durability, Fair Price And Strong Efficiency Of Air Hydraulic Riveter. please Feel Free To Contact Us If You Are Searching For Air Hydraulic Riveter With Unique And Stylish Design.","_links":{"self":[{"href":"https:\/\/axatool.com\/de\/wp-json\/wp\/v2\/product\/5073","targetHints":{"allow":["GET"]}}],"collection":[{"href":"https:\/\/axatool.com\/de\/wp-json\/wp\/v2\/product"}],"about":[{"href":"https:\/\/axatool.com\/de\/wp-json\/wp\/v2\/types\/product"}],"version-history":[{"count":4,"href":"https:\/\/axatool.com\/de\/wp-json\/wp\/v2\/product\/5073\/revisions"}],"predecessor-version":[{"id":5190,"href":"https:\/\/axatool.com\/de\/wp-json\/wp\/v2\/product\/5073\/revisions\/5190"}],"wp:featuredmedia":[{"embeddable":true,"href":"https:\/\/axatool.com\/de\/wp-json\/wp\/v2\/media\/5001"}],"wp:attachment":[{"href":"https:\/\/axatool.com\/de\/wp-json\/wp\/v2\/media?parent=5073"}],"wp:term":[{"taxonomy":"product_brand","embeddable":true,"href":"https:\/\/axatool.com\/de\/wp-json\/wp\/v2\/product_brand?post=5073"},{"taxonomy":"product_cat","embeddable":true,"href":"https:\/\/axatool.com\/de\/wp-json\/wp\/v2\/product_cat?post=5073"},{"taxonomy":"product_tag","embeddable":true,"href":"https:\/\/axatool.com\/de\/wp-json\/wp\/v2\/product_tag?post=5073"}],"curies":[{"name":"wp","href":"https:\/\/api.w.org\/{rel}","templated":true}]}}