{"id":4642,"date":"2022-04-26T07:40:40","date_gmt":"2022-04-26T07:40:40","guid":{"rendered":"https:\/\/axatool.com\/product\/uncategorized\/wg-830-wet-angle-air-grinder\/"},"modified":"2022-07-11T09:12:38","modified_gmt":"2022-07-11T09:12:38","slug":"wg-830-wet-angle-air-grinder","status":"publish","type":"product","link":"https:\/\/axatool.com\/de\/produkt\/wg-830-wet-angle-air-grinder\/","title":{"rendered":"WG-830 Nasswinkel-Luftschleifer"},"content":{"rendered":"<ul>\n<li>Ausl\u00f6sen der Sicherheitsstufe.<\/li>\n<li>Geringes Gewicht und komfortabler Griff.<\/li>\n<li>Verhindert Stromschlaggefahr.<\/li>\n<li>Vibrations- und ger\u00e4uscharm mit hervorragender Leistung.<\/li>\n<li>Zentrieren Sie das Wasserzufuhrsystem, um Staub zu reduzieren und zu verbessern.<\/li>\n<li>Umweltschutz.<\/li>\n<li>Der Zusatzhandgriff kann wahlweise f\u00fcr Links- oder Rechtsh\u00e4nder montiert werden.<\/li>\n<li>Design des Wasserventilschalters zur einfachen Steuerung der Wasserdurchflussgeschwindigkeit.<\/li>\n<\/ul>\n<h3>\u2699\ufe0f <strong> Spezifikation<\/strong><\/h3>\n<table id=\"tabs-nav\" class=\"xl756500\" style=\"height: auto; width: 80.6799%; border-style: double; background-color: #fea500; border-color: #ffffff;\" border=\"10\" width=\"517\" rules=\"cols\" cellspacing=\"2\" cellpadding=\"5\" bgcolor=\"#FEA500\">\n<tbody>\n<tr style=\"height: 46px;\" valign=\"middle\">\n<th class=\"xl72\" style=\"border-color: #ffffff;\" nowrap=\"nowrap\" width=\"30%\">\n<div align=\"left\"><span style=\"color: #000000;\"><strong>Radkapazit\u00e4t <\/strong><\/span><\/div>\n<\/th>\n<td class=\"xl70\" style=\"border-color: #ffffff;\" width=\"284\"><span style=\"color: #000000;\">3\u2033 oder 4\u2033 (75 mm oder 100 mm)<\/span><\/td>\n<\/tr>\n<tr style=\"height: 46px;\" valign=\"middle\">\n<th class=\"xl72\" style=\"border-color: #ffffff;\" nowrap=\"nowrap\" width=\"30%\">\n<div align=\"left\"><span style=\"color: #000000;\"><strong>Spindelgr\u00f6\u00dfe <\/strong><\/span><\/div>\n<\/th>\n<td class=\"xl70\" style=\"border-color: #ffffff;\"><span style=\"color: #000000;\">M14 oder M16 oder 5\/8\u2033 x 11T<\/span><\/td>\n<\/tr>\n<tr style=\"height: 46px;\" valign=\"middle\">\n<th class=\"xl72\" style=\"border-color: #ffffff;\" nowrap=\"nowrap\" width=\"30%\">\n<div align=\"left\"><span style=\"color: #000000;\"><strong>Freie Geschwindigkeit <\/strong><\/span><\/div>\n<\/th>\n<td class=\"xl70\" style=\"border-color: #ffffff;\"><span style=\"color: #000000;\">4.500 U\/min<\/span><\/td>\n<\/tr>\n<tr style=\"height: 46px;\" valign=\"middle\">\n<th class=\"xl72\" style=\"border-color: #ffffff;\" nowrap=\"nowrap\" width=\"30%\">\n<div align=\"left\"><span style=\"color: #000000;\"><strong>Durchschn. Klimaanlage <\/strong><\/span><\/div>\n<\/th>\n<td class=\"xl71\" style=\"border-color: #ffffff;\"><span style=\"color: #000000;\">7 SCFM (198 l\/min)<\/span><\/td>\n<\/tr>\n<tr style=\"height: 45px;\" valign=\"middle\">\n<th class=\"xl72\" style=\"border-color: #ffffff;\" nowrap=\"nowrap\" width=\"30%\">\n<div align=\"left\"><span style=\"color: #000000;\"><strong>Luftdruck <\/strong><\/span><\/div>\n<\/th>\n<td class=\"xl71\" style=\"border-color: #ffffff;\"><span style=\"color: #000000;\">90 psi (6,2 bar)<\/span><\/td>\n<\/tr>\n<tr style=\"height: 46px;\" valign=\"middle\">\n<th class=\"xl72\" style=\"border-color: #ffffff;\" nowrap=\"nowrap\" width=\"30%\">\n<div align=\"left\"><span style=\"color: #000000;\"><strong>Nettogewicht <\/strong><\/span><\/div>\n<\/th>\n<td class=\"xl70\" style=\"border-color: #ffffff;\"><span style=\"color: #000000;\">1.5 Kgs (3.33 lbs)<\/span><\/td>\n<\/tr>\n<tr style=\"height: 46px;\" valign=\"middle\">\n<th class=\"xl72\" style=\"border-color: #ffffff;\" nowrap=\"nowrap\" width=\"30%\">\n<div align=\"left\"><span style=\"color: #000000;\"><strong>Gesamtl\u00e4nge <\/strong><\/span><\/div>\n<\/th>\n<td class=\"xl70\" style=\"border-color: #ffffff;\"><span style=\"color: #000000;\">240 mm (9.4&#8243;)<\/span><\/td>\n<\/tr>\n<tr style=\"height: 46px;\" valign=\"middle\">\n<th class=\"xl72\" style=\"border-color: #ffffff;\" nowrap=\"nowrap\" width=\"30%\">\n<div align=\"left\"><span style=\"color: #000000;\"><strong>Lufteinlass <\/strong><\/span><\/div>\n<\/th>\n<td class=\"xl70\" style=\"border-color: #ffffff;\"><span style=\"color: #000000;\">1\/4&#8243;<\/span><\/td>\n<\/tr>\n<tr style=\"height: 46px;\" valign=\"middle\">\n<th class=\"xl72\" style=\"border-color: #ffffff;\" nowrap=\"nowrap\" width=\"30%\">\n<div align=\"left\"><span style=\"color: #000000;\"><strong>Luftaustritt <\/strong><\/span><\/div>\n<\/th>\n<td class=\"xl70\" style=\"border-color: #ffffff;\"><span style=\"color: #000000;\">Front<\/span><\/td>\n<\/tr>\n<tr style=\"height: 46px;\" valign=\"middle\">\n<th class=\"xl72\" style=\"border-color: #ffffff;\" nowrap=\"nowrap\" width=\"30%\">\n<div align=\"left\"><span style=\"color: #000000;\">Schalldruck<\/span><\/div>\n<\/th>\n<td class=\"xl70\" style=\"border-color: #ffffff;\"><span style=\"color: #000000;\">90 dB(A)<\/span><\/td>\n<\/tr>\n<tr style=\"height: 46px;\" valign=\"middle\">\n<th class=\"xl72\" style=\"border-color: #ffffff;\" nowrap=\"nowrap\" width=\"30%\">\n<div align=\"left\"><span style=\"color: #000000;\"><strong>Vibrationspegel<\/strong><\/span><\/div>\n<\/th>\n<td class=\"xl70\" style=\"border-color: #ffffff;\"><span style=\"color: #000000;\">2.22 m\/s\u00b2<\/span><\/td>\n<\/tr>\n<\/tbody>\n<\/table>","protected":false},"excerpt":{"rendered":"<p>Unser Unternehmen ist spezialisiert auf die Herstellung, Lieferung und den Export von Lufth\u00e4mmern f\u00fcr das Schnitzen \/ Gravieren von Stein, Granit, Marmor (Lufth\u00e4mmer f\u00fcr das Gravieren von Stein, Granit, Marmor). Alle unsere Luftwerkzeuge f\u00fcr die Steinindustrie sind 100% hergestellt in Taiwan.<\/p>","protected":false},"featured_media":4622,"template":"","meta":{"qubely_global_settings":"","qubely_interactions":"","site-sidebar-layout":"default","site-content-layout":"default","ast-global-header-display":"","ast-main-header-display":"","ast-hfb-above-header-display":"","ast-hfb-below-header-display":"","ast-hfb-mobile-header-display":"","site-post-title":"","ast-breadcrumbs-content":"","ast-featured-img":"","footer-sml-layout":"","theme-transparent-header-meta":"","adv-header-id-meta":"","stick-header-meta":"","header-above-stick-meta":"","header-main-stick-meta":"","header-below-stick-meta":""},"product_brand":[],"product_cat":[90,68],"product_tag":[],"class_list":{"0":"post-4642","1":"product","2":"type-product","3":"status-publish","4":"has-post-thumbnail","6":"product_cat-wet-air-sander-polisher-wet-air-tools-for-stone-granite","7":"product_cat-wet-air-tools-for-stone-granite","8":"desktop-align-center","9":"tablet-align-center","10":"mobile-align-center","11":"ast-product-gallery-layout-horizontal-slider","12":"ast-product-tabs-layout-horizontal","13":"ast-qv-on-image","15":"first","16":"instock","17":"shipping-taxable","18":"purchasable","19":"product-type-simple"},"uagb_featured_image_src":{"full":["https:\/\/axatool.com\/wp-content\/uploads\/2022\/04\/WG-830-1Wet-Angle-Air-Grinder-1000x1000.jpg",1000,1000,false],"thumbnail":["https:\/\/axatool.com\/wp-content\/uploads\/2022\/04\/WG-830-1Wet-Angle-Air-Grinder-150x150.jpg",150,150,true],"medium":["https:\/\/axatool.com\/wp-content\/uploads\/2022\/04\/WG-830-1Wet-Angle-Air-Grinder-300x300.jpg",300,300,true],"medium_large":["https:\/\/axatool.com\/wp-content\/uploads\/2022\/04\/WG-830-1Wet-Angle-Air-Grinder-768x768.jpg",768,768,true],"large":["https:\/\/axatool.com\/wp-content\/uploads\/2022\/04\/WG-830-1Wet-Angle-Air-Grinder-1000x1000.jpg",1000,1000,false],"1536x1536":["https:\/\/axatool.com\/wp-content\/uploads\/2022\/04\/WG-830-1Wet-Angle-Air-Grinder-1000x1000.jpg",1000,1000,false],"2048x2048":["https:\/\/axatool.com\/wp-content\/uploads\/2022\/04\/WG-830-1Wet-Angle-Air-Grinder-1000x1000.jpg",1000,1000,false],"trp-custom-language-flag":["https:\/\/axatool.com\/wp-content\/uploads\/2022\/04\/WG-830-1Wet-Angle-Air-Grinder-12x12.jpg",12,12,true],"qubely_landscape":["https:\/\/axatool.com\/wp-content\/uploads\/2022\/04\/WG-830-1Wet-Angle-Air-Grinder-1000x750.jpg",1000,750,true],"qubely_portrait":["https:\/\/axatool.com\/wp-content\/uploads\/2022\/04\/WG-830-1Wet-Angle-Air-Grinder-540x320.jpg",540,320,true],"qubely_thumbnail":["https:\/\/axatool.com\/wp-content\/uploads\/2022\/04\/WG-830-1Wet-Angle-Air-Grinder-140x100.jpg",140,100,true],"woocommerce_thumbnail":["https:\/\/axatool.com\/wp-content\/uploads\/2022\/04\/WG-830-1Wet-Angle-Air-Grinder-300x300.jpg",300,300,true],"woocommerce_single":["https:\/\/axatool.com\/wp-content\/uploads\/2022\/04\/WG-830-1Wet-Angle-Air-Grinder-600x600.jpg",600,600,true],"woocommerce_gallery_thumbnail":["https:\/\/axatool.com\/wp-content\/uploads\/2022\/04\/WG-830-1Wet-Angle-Air-Grinder-100x100.jpg",100,100,true]},"uagb_author_info":{"display_name":"editor.axatool","author_link":"https:\/\/axatool.com\/de\/author\/"},"uagb_comment_info":0,"uagb_excerpt":"Our company specializes in manufacturing, supplying and exporting Air hammers for Stone, Granite, Marble carving \/ engraving (pneumatic Hammers for Stone,Granite,Marble Engraving), with a factory established in 1994 in Taiwan, all our Air Tools for stone industry are 100% made in TAIWAN.","_links":{"self":[{"href":"https:\/\/axatool.com\/de\/wp-json\/wp\/v2\/product\/4642","targetHints":{"allow":["GET"]}}],"collection":[{"href":"https:\/\/axatool.com\/de\/wp-json\/wp\/v2\/product"}],"about":[{"href":"https:\/\/axatool.com\/de\/wp-json\/wp\/v2\/types\/product"}],"version-history":[{"count":4,"href":"https:\/\/axatool.com\/de\/wp-json\/wp\/v2\/product\/4642\/revisions"}],"predecessor-version":[{"id":4664,"href":"https:\/\/axatool.com\/de\/wp-json\/wp\/v2\/product\/4642\/revisions\/4664"}],"wp:featuredmedia":[{"embeddable":true,"href":"https:\/\/axatool.com\/de\/wp-json\/wp\/v2\/media\/4622"}],"wp:attachment":[{"href":"https:\/\/axatool.com\/de\/wp-json\/wp\/v2\/media?parent=4642"}],"wp:term":[{"taxonomy":"product_brand","embeddable":true,"href":"https:\/\/axatool.com\/de\/wp-json\/wp\/v2\/product_brand?post=4642"},{"taxonomy":"product_cat","embeddable":true,"href":"https:\/\/axatool.com\/de\/wp-json\/wp\/v2\/product_cat?post=4642"},{"taxonomy":"product_tag","embeddable":true,"href":"https:\/\/axatool.com\/de\/wp-json\/wp\/v2\/product_tag?post=4642"}],"curies":[{"name":"wp","href":"https:\/\/api.w.org\/{rel}","templated":true}]}}